{"id":4234,"date":"2022-09-29T08:24:06","date_gmt":"2022-09-29T08:24:06","guid":{"rendered":"https:\/\/skinpoint.r-s.space\/shop\/shadow-daggers-doppler-black-pearl\/"},"modified":"2023-04-24T16:49:50","modified_gmt":"2023-04-24T16:49:50","slug":"shadow-daggers-doppler-black-pearl","status":"publish","type":"product","link":"https:\/\/csgo-trade.net\/pt-pt\/catalog\/shadow-daggers-doppler-black-pearl\/","title":{"rendered":"Shadow Daggers | Doppler Black Pearl"},"content":{"rendered":"<p>As l\u00e2minas das facas s\u00e3o pintadas com tintas met\u00e1licas e adornadas com um padr\u00e3o de linhas onduladas transl\u00facidas que se assemelham a fuma\u00e7a. A paleta de cores da pele apresenta v\u00e1rias tonalidades de azul, roxo e carmesim, criando transi\u00e7\u00f5es gradientes. Os cabos s\u00e3o pintados de azul escuro.<\/p>\n","protected":false},"excerpt":{"rendered":"<p>As l\u00e2minas das facas s\u00e3o pintadas com tintas met\u00e1licas e adornadas com um padr\u00e3o de linhas onduladas transl\u00facidas que se assemelham a fuma\u00e7a. A paleta de cores da pele apresenta v\u00e1rias tonalidades de azul, roxo e carmesim, criando transi\u00e7\u00f5es gradientes. Os cabos s\u00e3o pintados de azul escuro.<\/p>\n","protected":false},"featured_media":3764,"comment_status":"open","ping_status":"closed","template":"","meta":[],"product_brand":[],"product_cat":[216,230],"product_tag":[267],"class_list":{"0":"post-4234","1":"product","2":"type-product","3":"status-publish","4":"has-post-thumbnail","6":"product_cat-facas","7":"product_cat-shadow-daggers-pt-pt","8":"product_tag-secreto","9":"pa_all-products-skins","11":"first","12":"instock","13":"shipping-taxable","14":"purchasable","15":"product-type-simple"},"_links":{"self":[{"href":"https:\/\/csgo-trade.net\/pt-pt\/wp-json\/wp\/v2\/product\/4234","targetHints":{"allow":["GET"]}}],"collection":[{"href":"https:\/\/csgo-trade.net\/pt-pt\/wp-json\/wp\/v2\/product"}],"about":[{"href":"https:\/\/csgo-trade.net\/pt-pt\/wp-json\/wp\/v2\/types\/product"}],"replies":[{"embeddable":true,"href":"https:\/\/csgo-trade.net\/pt-pt\/wp-json\/wp\/v2\/comments?post=4234"}],"wp:featuredmedia":[{"embeddable":true,"href":"https:\/\/csgo-trade.net\/pt-pt\/wp-json\/wp\/v2\/media\/3764"}],"wp:attachment":[{"href":"https:\/\/csgo-trade.net\/pt-pt\/wp-json\/wp\/v2\/media?parent=4234"}],"wp:term":[{"taxonomy":"product_brand","embeddable":true,"href":"https:\/\/csgo-trade.net\/pt-pt\/wp-json\/wp\/v2\/product_brand?post=4234"},{"taxonomy":"product_cat","embeddable":true,"href":"https:\/\/csgo-trade.net\/pt-pt\/wp-json\/wp\/v2\/product_cat?post=4234"},{"taxonomy":"product_tag","embeddable":true,"href":"https:\/\/csgo-trade.net\/pt-pt\/wp-json\/wp\/v2\/product_tag?post=4234"}],"curies":[{"name":"wp","href":"https:\/\/api.w.org\/{rel}","templated":true}]}}