{"id":4231,"date":"2022-09-29T08:27:46","date_gmt":"2022-09-29T08:27:46","guid":{"rendered":"https:\/\/skinpoint.r-s.space\/shop\/shadow-daggers-gamma-doppler-phase-4\/"},"modified":"2023-04-24T16:43:16","modified_gmt":"2023-04-24T16:43:16","slug":"shadow-daggers-gamma-doppler-phase-4","status":"publish","type":"product","link":"https:\/\/csgo-trade.net\/pt-pt\/catalog\/shadow-daggers-gamma-doppler-phase-4\/","title":{"rendered":"Shadow Daggers | Gamma Doppler Phase 4"},"content":{"rendered":"<p>As l\u00e2minas s\u00e3o revestidas com tintas met\u00e1licas e adornadas com um padr\u00e3o de linhas onduladas transl\u00facidas semelhantes a fuma\u00e7a. O esquema de cores das skins inclui v\u00e1rios tons de preto, verde e azul-petr\u00f3leo criando transi\u00e7\u00f5es degrad\u00ea. As empunhaduras s\u00e3o pintadas de verde claro.<\/p>\n","protected":false},"excerpt":{"rendered":"<p>As l\u00e2minas s\u00e3o revestidas com tintas met\u00e1licas e adornadas com um padr\u00e3o de linhas onduladas transl\u00facidas semelhantes a fuma\u00e7a. O esquema de cores das skins inclui v\u00e1rios tons de preto, verde e azul-petr\u00f3leo criando transi\u00e7\u00f5es degrad\u00ea. As empunhaduras s\u00e3o pintadas de verde claro.<\/p>\n","protected":false},"featured_media":3770,"comment_status":"open","ping_status":"closed","template":"","meta":[],"product_brand":[],"product_cat":[216,230],"product_tag":[267],"class_list":{"0":"post-4231","1":"product","2":"type-product","3":"status-publish","4":"has-post-thumbnail","6":"product_cat-facas","7":"product_cat-shadow-daggers-pt-pt","8":"product_tag-secreto","9":"pa_all-products-skins","11":"first","12":"instock","13":"shipping-taxable","14":"purchasable","15":"product-type-simple"},"_links":{"self":[{"href":"https:\/\/csgo-trade.net\/pt-pt\/wp-json\/wp\/v2\/product\/4231","targetHints":{"allow":["GET"]}}],"collection":[{"href":"https:\/\/csgo-trade.net\/pt-pt\/wp-json\/wp\/v2\/product"}],"about":[{"href":"https:\/\/csgo-trade.net\/pt-pt\/wp-json\/wp\/v2\/types\/product"}],"replies":[{"embeddable":true,"href":"https:\/\/csgo-trade.net\/pt-pt\/wp-json\/wp\/v2\/comments?post=4231"}],"wp:featuredmedia":[{"embeddable":true,"href":"https:\/\/csgo-trade.net\/pt-pt\/wp-json\/wp\/v2\/media\/3770"}],"wp:attachment":[{"href":"https:\/\/csgo-trade.net\/pt-pt\/wp-json\/wp\/v2\/media?parent=4231"}],"wp:term":[{"taxonomy":"product_brand","embeddable":true,"href":"https:\/\/csgo-trade.net\/pt-pt\/wp-json\/wp\/v2\/product_brand?post=4231"},{"taxonomy":"product_cat","embeddable":true,"href":"https:\/\/csgo-trade.net\/pt-pt\/wp-json\/wp\/v2\/product_cat?post=4231"},{"taxonomy":"product_tag","embeddable":true,"href":"https:\/\/csgo-trade.net\/pt-pt\/wp-json\/wp\/v2\/product_tag?post=4231"}],"curies":[{"name":"wp","href":"https:\/\/api.w.org\/{rel}","templated":true}]}}