{"id":4226,"date":"2022-09-29T08:42:12","date_gmt":"2022-09-29T08:42:12","guid":{"rendered":"https:\/\/skinpoint.r-s.space\/shop\/skeleton-knife-stained\/"},"modified":"2023-04-24T16:33:47","modified_gmt":"2023-04-24T16:33:47","slug":"skeleton-knife-stained","status":"publish","type":"product","link":"https:\/\/csgo-trade.net\/pt-pt\/catalog\/skeleton-knife-stained\/","title":{"rendered":"Faca Skeleton | Stained"},"content":{"rendered":"<p>A l\u00e2mina da faca \u00e9 tratada com \u00e1cido para obter manchas de p\u00e1tina em cinza e amarelo claro. O cabo permanece sem pintura.<\/p>\n","protected":false},"excerpt":{"rendered":"<p>A l\u00e2mina da faca \u00e9 tratada com \u00e1cido para obter manchas de p\u00e1tina em cinza e amarelo claro. O cabo permanece sem pintura.<\/p>\n","protected":false},"featured_media":3782,"comment_status":"open","ping_status":"closed","template":"","meta":[],"product_brand":[],"product_cat":[231,216],"product_tag":[267],"class_list":{"0":"post-4226","1":"product","2":"type-product","3":"status-publish","4":"has-post-thumbnail","6":"product_cat-faca-skeleton","7":"product_cat-facas","8":"product_tag-secreto","9":"pa_all-products-skins","11":"first","12":"instock","13":"shipping-taxable","14":"purchasable","15":"product-type-simple"},"_links":{"self":[{"href":"https:\/\/csgo-trade.net\/pt-pt\/wp-json\/wp\/v2\/product\/4226","targetHints":{"allow":["GET"]}}],"collection":[{"href":"https:\/\/csgo-trade.net\/pt-pt\/wp-json\/wp\/v2\/product"}],"about":[{"href":"https:\/\/csgo-trade.net\/pt-pt\/wp-json\/wp\/v2\/types\/product"}],"replies":[{"embeddable":true,"href":"https:\/\/csgo-trade.net\/pt-pt\/wp-json\/wp\/v2\/comments?post=4226"}],"wp:featuredmedia":[{"embeddable":true,"href":"https:\/\/csgo-trade.net\/pt-pt\/wp-json\/wp\/v2\/media\/3782"}],"wp:attachment":[{"href":"https:\/\/csgo-trade.net\/pt-pt\/wp-json\/wp\/v2\/media?parent=4226"}],"wp:term":[{"taxonomy":"product_brand","embeddable":true,"href":"https:\/\/csgo-trade.net\/pt-pt\/wp-json\/wp\/v2\/product_brand?post=4226"},{"taxonomy":"product_cat","embeddable":true,"href":"https:\/\/csgo-trade.net\/pt-pt\/wp-json\/wp\/v2\/product_cat?post=4226"},{"taxonomy":"product_tag","embeddable":true,"href":"https:\/\/csgo-trade.net\/pt-pt\/wp-json\/wp\/v2\/product_tag?post=4226"}],"curies":[{"name":"wp","href":"https:\/\/api.w.org\/{rel}","templated":true}]}}