{"id":4225,"date":"2022-09-29T08:44:29","date_gmt":"2022-09-29T08:44:29","guid":{"rendered":"https:\/\/skinpoint.r-s.space\/shop\/skeleton-knife-slaughter\/"},"modified":"2023-04-24T16:32:30","modified_gmt":"2023-04-24T16:32:30","slug":"skeleton-knife-slaughter","status":"publish","type":"product","link":"https:\/\/csgo-trade.net\/pt-pt\/catalog\/skeleton-knife-slaughter\/","title":{"rendered":"Faca Skeleton | Slaughter"},"content":{"rendered":"<p>A l\u00e2mina da faca \u00e9 adornada com um padr\u00e3o abstrato feito com tintas de alum\u00ednio e cromo e revestida com tinta transl\u00facida vermelha. A al\u00e7a permanece sem pintura.<\/p>\n","protected":false},"excerpt":{"rendered":"<p>A l\u00e2mina da faca \u00e9 adornada com um padr\u00e3o abstrato feito com tintas de alum\u00ednio e cromo e revestida com tinta transl\u00facida vermelha. A al\u00e7a permanece sem pintura.<\/p>\n","protected":false},"featured_media":3785,"comment_status":"open","ping_status":"closed","template":"","meta":[],"product_brand":[],"product_cat":[231,216],"product_tag":[267],"class_list":{"0":"post-4225","1":"product","2":"type-product","3":"status-publish","4":"has-post-thumbnail","6":"product_cat-faca-skeleton","7":"product_cat-facas","8":"product_tag-secreto","9":"pa_all-products-skins","11":"first","12":"instock","13":"shipping-taxable","14":"purchasable","15":"product-type-simple"},"_links":{"self":[{"href":"https:\/\/csgo-trade.net\/pt-pt\/wp-json\/wp\/v2\/product\/4225","targetHints":{"allow":["GET"]}}],"collection":[{"href":"https:\/\/csgo-trade.net\/pt-pt\/wp-json\/wp\/v2\/product"}],"about":[{"href":"https:\/\/csgo-trade.net\/pt-pt\/wp-json\/wp\/v2\/types\/product"}],"replies":[{"embeddable":true,"href":"https:\/\/csgo-trade.net\/pt-pt\/wp-json\/wp\/v2\/comments?post=4225"}],"wp:featuredmedia":[{"embeddable":true,"href":"https:\/\/csgo-trade.net\/pt-pt\/wp-json\/wp\/v2\/media\/3785"}],"wp:attachment":[{"href":"https:\/\/csgo-trade.net\/pt-pt\/wp-json\/wp\/v2\/media?parent=4225"}],"wp:term":[{"taxonomy":"product_brand","embeddable":true,"href":"https:\/\/csgo-trade.net\/pt-pt\/wp-json\/wp\/v2\/product_brand?post=4225"},{"taxonomy":"product_cat","embeddable":true,"href":"https:\/\/csgo-trade.net\/pt-pt\/wp-json\/wp\/v2\/product_cat?post=4225"},{"taxonomy":"product_tag","embeddable":true,"href":"https:\/\/csgo-trade.net\/pt-pt\/wp-json\/wp\/v2\/product_tag?post=4225"}],"curies":[{"name":"wp","href":"https:\/\/api.w.org\/{rel}","templated":true}]}}