{"id":4223,"date":"2022-09-29T08:51:52","date_gmt":"2022-09-29T08:51:52","guid":{"rendered":"https:\/\/skinpoint.r-s.space\/shop\/stiletto-knife-doppler-sapphire\/"},"modified":"2023-04-24T16:29:27","modified_gmt":"2023-04-24T16:29:27","slug":"stiletto-knife-doppler-sapphire","status":"publish","type":"product","link":"https:\/\/csgo-trade.net\/pt-pt\/catalog\/stiletto-knife-doppler-sapphire\/","title":{"rendered":"Faca Stiletto | Doppler Sapphire"},"content":{"rendered":"<p>A l\u00e2mina da faca e a guarda s\u00e3o pintadas com tintas met\u00e1licas e adornadas com um padr\u00e3o de linhas onduladas transl\u00facidas que se assemelham a fuma\u00e7a. A paleta de cores da pele inclui v\u00e1rios tons de azul criando transi\u00e7\u00f5es degrad\u00ea. O design da pele se assemelha \u00e0 textura da safira. O cabo permanece sem pintura.<\/p>\n","protected":false},"excerpt":{"rendered":"<p>A l\u00e2mina da faca e a guarda s\u00e3o pintadas com tintas met\u00e1licas e adornadas com um padr\u00e3o de linhas onduladas transl\u00facidas que se assemelham a fuma\u00e7a. A paleta de cores da pele inclui v\u00e1rios tons de azul criando transi\u00e7\u00f5es degrad\u00ea. O design da pele se assemelha \u00e0 textura da safira. O cabo permanece sem pintura.<\/p>\n","protected":false},"featured_media":3791,"comment_status":"open","ping_status":"closed","template":"","meta":[],"product_brand":[],"product_cat":[232,216],"product_tag":[267],"class_list":{"0":"post-4223","1":"product","2":"type-product","3":"status-publish","4":"has-post-thumbnail","6":"product_cat-faca-stiletto","7":"product_cat-facas","8":"product_tag-secreto","9":"pa_all-products-skins","11":"first","12":"instock","13":"shipping-taxable","14":"purchasable","15":"product-type-simple"},"_links":{"self":[{"href":"https:\/\/csgo-trade.net\/pt-pt\/wp-json\/wp\/v2\/product\/4223","targetHints":{"allow":["GET"]}}],"collection":[{"href":"https:\/\/csgo-trade.net\/pt-pt\/wp-json\/wp\/v2\/product"}],"about":[{"href":"https:\/\/csgo-trade.net\/pt-pt\/wp-json\/wp\/v2\/types\/product"}],"replies":[{"embeddable":true,"href":"https:\/\/csgo-trade.net\/pt-pt\/wp-json\/wp\/v2\/comments?post=4223"}],"wp:featuredmedia":[{"embeddable":true,"href":"https:\/\/csgo-trade.net\/pt-pt\/wp-json\/wp\/v2\/media\/3791"}],"wp:attachment":[{"href":"https:\/\/csgo-trade.net\/pt-pt\/wp-json\/wp\/v2\/media?parent=4223"}],"wp:term":[{"taxonomy":"product_brand","embeddable":true,"href":"https:\/\/csgo-trade.net\/pt-pt\/wp-json\/wp\/v2\/product_brand?post=4223"},{"taxonomy":"product_cat","embeddable":true,"href":"https:\/\/csgo-trade.net\/pt-pt\/wp-json\/wp\/v2\/product_cat?post=4223"},{"taxonomy":"product_tag","embeddable":true,"href":"https:\/\/csgo-trade.net\/pt-pt\/wp-json\/wp\/v2\/product_tag?post=4223"}],"curies":[{"name":"wp","href":"https:\/\/api.w.org\/{rel}","templated":true}]}}