{"id":4220,"date":"2022-09-29T08:57:39","date_gmt":"2022-09-29T08:57:39","guid":{"rendered":"https:\/\/skinpoint.r-s.space\/shop\/stiletto-knife-doppler-black-pearl\/"},"modified":"2023-04-24T16:27:46","modified_gmt":"2023-04-24T16:27:46","slug":"stiletto-knife-doppler-black-pearl","status":"publish","type":"product","link":"https:\/\/csgo-trade.net\/pt-pt\/catalog\/stiletto-knife-doppler-black-pearl\/","title":{"rendered":"Faca Stiletto | Doppler Black Pearl"},"content":{"rendered":"<p>A l\u00e2mina da faca e a guarda s\u00e3o pintadas com tintas met\u00e1licas e adornadas com um padr\u00e3o de linhas onduladas transl\u00facidas que se assemelham a fuma\u00e7a. O esquema de cores da pele inclui v\u00e1rias tonalidades de azul, roxo e carmesim, criando transi\u00e7\u00f5es graduais. A empunhadura permanece sem pintura.<\/p>\n","protected":false},"excerpt":{"rendered":"<p>A l\u00e2mina da faca e a guarda s\u00e3o pintadas com tintas met\u00e1licas e adornadas com um padr\u00e3o de linhas onduladas transl\u00facidas que se assemelham a fuma\u00e7a. O esquema de cores da pele inclui v\u00e1rias tonalidades de azul, roxo e carmesim, criando transi\u00e7\u00f5es graduais. A empunhadura permanece sem pintura.<\/p>\n","protected":false},"featured_media":3797,"comment_status":"open","ping_status":"closed","template":"","meta":[],"product_brand":[],"product_cat":[232,216],"product_tag":[267],"class_list":{"0":"post-4220","1":"product","2":"type-product","3":"status-publish","4":"has-post-thumbnail","6":"product_cat-faca-stiletto","7":"product_cat-facas","8":"product_tag-secreto","9":"pa_all-products-skins","11":"first","12":"instock","13":"shipping-taxable","14":"purchasable","15":"product-type-simple"},"_links":{"self":[{"href":"https:\/\/csgo-trade.net\/pt-pt\/wp-json\/wp\/v2\/product\/4220","targetHints":{"allow":["GET"]}}],"collection":[{"href":"https:\/\/csgo-trade.net\/pt-pt\/wp-json\/wp\/v2\/product"}],"about":[{"href":"https:\/\/csgo-trade.net\/pt-pt\/wp-json\/wp\/v2\/types\/product"}],"replies":[{"embeddable":true,"href":"https:\/\/csgo-trade.net\/pt-pt\/wp-json\/wp\/v2\/comments?post=4220"}],"wp:featuredmedia":[{"embeddable":true,"href":"https:\/\/csgo-trade.net\/pt-pt\/wp-json\/wp\/v2\/media\/3797"}],"wp:attachment":[{"href":"https:\/\/csgo-trade.net\/pt-pt\/wp-json\/wp\/v2\/media?parent=4220"}],"wp:term":[{"taxonomy":"product_brand","embeddable":true,"href":"https:\/\/csgo-trade.net\/pt-pt\/wp-json\/wp\/v2\/product_brand?post=4220"},{"taxonomy":"product_cat","embeddable":true,"href":"https:\/\/csgo-trade.net\/pt-pt\/wp-json\/wp\/v2\/product_cat?post=4220"},{"taxonomy":"product_tag","embeddable":true,"href":"https:\/\/csgo-trade.net\/pt-pt\/wp-json\/wp\/v2\/product_tag?post=4220"}],"curies":[{"name":"wp","href":"https:\/\/api.w.org\/{rel}","templated":true}]}}