{"id":4219,"date":"2022-09-29T09:03:24","date_gmt":"2022-09-29T09:03:24","guid":{"rendered":"https:\/\/skinpoint.r-s.space\/shop\/survival-knife-fade\/"},"modified":"2023-04-24T16:23:08","modified_gmt":"2023-04-24T16:23:08","slug":"survival-knife-fade","status":"publish","type":"product","link":"https:\/\/csgo-trade.net\/pt-pt\/catalog\/survival-knife-fade\/","title":{"rendered":"Faca de Sobreviv\u00eancia | Fade"},"content":{"rendered":"<p>A l\u00e2mina da faca \u00e9 cromada e revestida com tintas transl\u00facidas criando transi\u00e7\u00f5es de gradiente. O padr\u00e3o \u00e9 feito em v\u00e1rios tons de roxo, rosa e amarelo.<\/p>\n","protected":false},"excerpt":{"rendered":"<p>A l\u00e2mina da faca \u00e9 cromada e revestida com tintas transl\u00facidas criando transi\u00e7\u00f5es de gradiente. O padr\u00e3o \u00e9 feito em v\u00e1rios tons de roxo, rosa e amarelo.<\/p>\n","protected":false},"featured_media":3800,"comment_status":"open","ping_status":"closed","template":"","meta":[],"product_brand":[],"product_cat":[233,216],"product_tag":[267],"class_list":{"0":"post-4219","1":"product","2":"type-product","3":"status-publish","4":"has-post-thumbnail","6":"product_cat-faca-de-sobrevivencia","7":"product_cat-facas","8":"product_tag-secreto","9":"pa_all-products-skins","11":"first","12":"instock","13":"shipping-taxable","14":"purchasable","15":"product-type-simple"},"_links":{"self":[{"href":"https:\/\/csgo-trade.net\/pt-pt\/wp-json\/wp\/v2\/product\/4219","targetHints":{"allow":["GET"]}}],"collection":[{"href":"https:\/\/csgo-trade.net\/pt-pt\/wp-json\/wp\/v2\/product"}],"about":[{"href":"https:\/\/csgo-trade.net\/pt-pt\/wp-json\/wp\/v2\/types\/product"}],"replies":[{"embeddable":true,"href":"https:\/\/csgo-trade.net\/pt-pt\/wp-json\/wp\/v2\/comments?post=4219"}],"wp:featuredmedia":[{"embeddable":true,"href":"https:\/\/csgo-trade.net\/pt-pt\/wp-json\/wp\/v2\/media\/3800"}],"wp:attachment":[{"href":"https:\/\/csgo-trade.net\/pt-pt\/wp-json\/wp\/v2\/media?parent=4219"}],"wp:term":[{"taxonomy":"product_brand","embeddable":true,"href":"https:\/\/csgo-trade.net\/pt-pt\/wp-json\/wp\/v2\/product_brand?post=4219"},{"taxonomy":"product_cat","embeddable":true,"href":"https:\/\/csgo-trade.net\/pt-pt\/wp-json\/wp\/v2\/product_cat?post=4219"},{"taxonomy":"product_tag","embeddable":true,"href":"https:\/\/csgo-trade.net\/pt-pt\/wp-json\/wp\/v2\/product_tag?post=4219"}],"curies":[{"name":"wp","href":"https:\/\/api.w.org\/{rel}","templated":true}]}}