{"id":4218,"date":"2022-09-29T09:14:15","date_gmt":"2022-09-29T09:14:15","guid":{"rendered":"https:\/\/skinpoint.r-s.space\/shop\/survival-knife-night-stripe\/"},"modified":"2023-04-24T16:22:17","modified_gmt":"2023-04-24T16:22:17","slug":"survival-knife-night-stripe","status":"publish","type":"product","link":"https:\/\/csgo-trade.net\/pt-pt\/catalog\/survival-knife-night-stripe\/","title":{"rendered":"Faca de Sobreviv\u00eancia | Night Stripe"},"content":{"rendered":"<p>O corpo inteiro da Faca de Sobreviv\u00eancia | Night Stripe, incluindo a empunhadura, \u00e9 pintado com spray em v\u00e1rios tons de cinza.<\/p>\n","protected":false},"excerpt":{"rendered":"<p>O corpo inteiro da Faca de Sobreviv\u00eancia | Night Stripe, incluindo a empunhadura, \u00e9 pintado com spray em v\u00e1rios tons de cinza.<\/p>\n","protected":false},"featured_media":3803,"comment_status":"open","ping_status":"closed","template":"","meta":[],"product_brand":[],"product_cat":[233,216],"product_tag":[267],"class_list":{"0":"post-4218","1":"product","2":"type-product","3":"status-publish","4":"has-post-thumbnail","6":"product_cat-faca-de-sobrevivencia","7":"product_cat-facas","8":"product_tag-secreto","9":"pa_all-products-skins","11":"first","12":"instock","13":"shipping-taxable","14":"purchasable","15":"product-type-simple"},"_links":{"self":[{"href":"https:\/\/csgo-trade.net\/pt-pt\/wp-json\/wp\/v2\/product\/4218","targetHints":{"allow":["GET"]}}],"collection":[{"href":"https:\/\/csgo-trade.net\/pt-pt\/wp-json\/wp\/v2\/product"}],"about":[{"href":"https:\/\/csgo-trade.net\/pt-pt\/wp-json\/wp\/v2\/types\/product"}],"replies":[{"embeddable":true,"href":"https:\/\/csgo-trade.net\/pt-pt\/wp-json\/wp\/v2\/comments?post=4218"}],"wp:featuredmedia":[{"embeddable":true,"href":"https:\/\/csgo-trade.net\/pt-pt\/wp-json\/wp\/v2\/media\/3803"}],"wp:attachment":[{"href":"https:\/\/csgo-trade.net\/pt-pt\/wp-json\/wp\/v2\/media?parent=4218"}],"wp:term":[{"taxonomy":"product_brand","embeddable":true,"href":"https:\/\/csgo-trade.net\/pt-pt\/wp-json\/wp\/v2\/product_brand?post=4218"},{"taxonomy":"product_cat","embeddable":true,"href":"https:\/\/csgo-trade.net\/pt-pt\/wp-json\/wp\/v2\/product_cat?post=4218"},{"taxonomy":"product_tag","embeddable":true,"href":"https:\/\/csgo-trade.net\/pt-pt\/wp-json\/wp\/v2\/product_tag?post=4218"}],"curies":[{"name":"wp","href":"https:\/\/api.w.org\/{rel}","templated":true}]}}