{"id":4205,"date":"2022-09-29T14:52:36","date_gmt":"2022-09-29T14:52:36","guid":{"rendered":"https:\/\/skinpoint.r-s.space\/shop\/talon-knife-damascus-steel\/"},"modified":"2023-04-24T16:12:11","modified_gmt":"2023-04-24T16:12:11","slug":"talon-knife-damascus-steel","status":"publish","type":"product","link":"https:\/\/csgo-trade.net\/pt-pt\/catalog\/talon-knife-damascus-steel\/","title":{"rendered":"Faca Talon | Damascus Steel"},"content":{"rendered":"<p>A l\u00e2mina da faca \u00e9 feita de dois tipos diferentes de a\u00e7o, que criam um padr\u00e3o de linhas onduladas em tons de cinza escuro e claro. A al\u00e7a permanece sem pintura.<\/p>\n","protected":false},"excerpt":{"rendered":"<p>A l\u00e2mina da faca \u00e9 feita de dois tipos diferentes de a\u00e7o, que criam um padr\u00e3o de linhas onduladas em tons de cinza escuro e claro. A al\u00e7a permanece sem pintura.<\/p>\n","protected":false},"featured_media":3827,"comment_status":"open","ping_status":"closed","template":"","meta":[],"product_brand":[],"product_cat":[234,216],"product_tag":[267],"class_list":{"0":"post-4205","1":"product","2":"type-product","3":"status-publish","4":"has-post-thumbnail","6":"product_cat-faca-talon","7":"product_cat-facas","8":"product_tag-secreto","9":"pa_all-products-skins","11":"first","12":"instock","13":"shipping-taxable","14":"purchasable","15":"product-type-simple"},"_links":{"self":[{"href":"https:\/\/csgo-trade.net\/pt-pt\/wp-json\/wp\/v2\/product\/4205","targetHints":{"allow":["GET"]}}],"collection":[{"href":"https:\/\/csgo-trade.net\/pt-pt\/wp-json\/wp\/v2\/product"}],"about":[{"href":"https:\/\/csgo-trade.net\/pt-pt\/wp-json\/wp\/v2\/types\/product"}],"replies":[{"embeddable":true,"href":"https:\/\/csgo-trade.net\/pt-pt\/wp-json\/wp\/v2\/comments?post=4205"}],"wp:featuredmedia":[{"embeddable":true,"href":"https:\/\/csgo-trade.net\/pt-pt\/wp-json\/wp\/v2\/media\/3827"}],"wp:attachment":[{"href":"https:\/\/csgo-trade.net\/pt-pt\/wp-json\/wp\/v2\/media?parent=4205"}],"wp:term":[{"taxonomy":"product_brand","embeddable":true,"href":"https:\/\/csgo-trade.net\/pt-pt\/wp-json\/wp\/v2\/product_brand?post=4205"},{"taxonomy":"product_cat","embeddable":true,"href":"https:\/\/csgo-trade.net\/pt-pt\/wp-json\/wp\/v2\/product_cat?post=4205"},{"taxonomy":"product_tag","embeddable":true,"href":"https:\/\/csgo-trade.net\/pt-pt\/wp-json\/wp\/v2\/product_tag?post=4205"}],"curies":[{"name":"wp","href":"https:\/\/api.w.org\/{rel}","templated":true}]}}