{"id":4201,"date":"2022-09-29T14:59:08","date_gmt":"2022-09-29T14:59:08","guid":{"rendered":"https:\/\/skinpoint.r-s.space\/shop\/ursus-knife-doppler-sapphire\/"},"modified":"2023-04-24T16:09:50","modified_gmt":"2023-04-24T16:09:50","slug":"ursus-knife-doppler-sapphire","status":"publish","type":"product","link":"https:\/\/csgo-trade.net\/pt-pt\/catalog\/ursus-knife-doppler-sapphire\/","title":{"rendered":"Faca Ursus | Doppler Sapphire"},"content":{"rendered":"<p>A l\u00e2mina da faca \u00e9 pintada com tintas met\u00e1licas e adornada com um padr\u00e3o de linhas onduladas transl\u00facidas que lembram fuma\u00e7a. A paleta de cores da skin inclui v\u00e1rios tons de azul criando transi\u00e7\u00f5es gradientes. O cabo permanece sem pintura.<\/p>\n","protected":false},"excerpt":{"rendered":"<p>A l\u00e2mina da faca \u00e9 pintada com tintas met\u00e1licas e adornada com um padr\u00e3o de linhas onduladas transl\u00facidas que lembram fuma\u00e7a. A paleta de cores da skin inclui v\u00e1rios tons de azul criando transi\u00e7\u00f5es gradientes. O cabo permanece sem pintura.<\/p>\n","protected":false},"featured_media":3833,"comment_status":"open","ping_status":"closed","template":"","meta":[],"product_brand":[],"product_cat":[235,216],"product_tag":[267],"class_list":{"0":"post-4201","1":"product","2":"type-product","3":"status-publish","4":"has-post-thumbnail","6":"product_cat-faca-ursus","7":"product_cat-facas","8":"product_tag-secreto","9":"pa_all-products-skins","11":"first","12":"instock","13":"shipping-taxable","14":"purchasable","15":"product-type-simple"},"_links":{"self":[{"href":"https:\/\/csgo-trade.net\/pt-pt\/wp-json\/wp\/v2\/product\/4201","targetHints":{"allow":["GET"]}}],"collection":[{"href":"https:\/\/csgo-trade.net\/pt-pt\/wp-json\/wp\/v2\/product"}],"about":[{"href":"https:\/\/csgo-trade.net\/pt-pt\/wp-json\/wp\/v2\/types\/product"}],"replies":[{"embeddable":true,"href":"https:\/\/csgo-trade.net\/pt-pt\/wp-json\/wp\/v2\/comments?post=4201"}],"wp:featuredmedia":[{"embeddable":true,"href":"https:\/\/csgo-trade.net\/pt-pt\/wp-json\/wp\/v2\/media\/3833"}],"wp:attachment":[{"href":"https:\/\/csgo-trade.net\/pt-pt\/wp-json\/wp\/v2\/media?parent=4201"}],"wp:term":[{"taxonomy":"product_brand","embeddable":true,"href":"https:\/\/csgo-trade.net\/pt-pt\/wp-json\/wp\/v2\/product_brand?post=4201"},{"taxonomy":"product_cat","embeddable":true,"href":"https:\/\/csgo-trade.net\/pt-pt\/wp-json\/wp\/v2\/product_cat?post=4201"},{"taxonomy":"product_tag","embeddable":true,"href":"https:\/\/csgo-trade.net\/pt-pt\/wp-json\/wp\/v2\/product_tag?post=4201"}],"curies":[{"name":"wp","href":"https:\/\/api.w.org\/{rel}","templated":true}]}}