{"id":4197,"date":"2022-09-29T15:06:57","date_gmt":"2022-09-29T15:06:57","guid":{"rendered":"https:\/\/skinpoint.r-s.space\/shop\/bloodhound-gloves-bronzed\/"},"modified":"2023-04-24T16:05:04","modified_gmt":"2023-04-24T16:05:04","slug":"bloodhound-gloves-bronzed","status":"publish","type":"product","link":"https:\/\/csgo-trade.net\/pt-pt\/catalog\/bloodhound-gloves-bronzed\/","title":{"rendered":"Luvas Bloodhound | Bronzed"},"content":{"rendered":"<p>As luvas s\u00e3o feitas de couro tingido de prata e bronze. O design \u00e9 complementado com rebites prateados e os logotipos da Opera\u00e7\u00e3o Bloodhound.<\/p>\n","protected":false},"excerpt":{"rendered":"<p>As luvas s\u00e3o feitas de couro tingido de prata e bronze. O design \u00e9 complementado com rebites prateados e os logotipos da Opera\u00e7\u00e3o Bloodhound.<\/p>\n","protected":false},"featured_media":3845,"comment_status":"open","ping_status":"closed","template":"","meta":[],"product_brand":[],"product_cat":[199,201],"product_tag":[268],"class_list":{"0":"post-4197","1":"product","2":"type-product","3":"status-publish","4":"has-post-thumbnail","6":"product_cat-luvas","7":"product_cat-luvas-bloodhound","8":"product_tag-extraordinario","9":"pa_all-products-skins","11":"first","12":"instock","13":"shipping-taxable","14":"purchasable","15":"product-type-simple"},"_links":{"self":[{"href":"https:\/\/csgo-trade.net\/pt-pt\/wp-json\/wp\/v2\/product\/4197","targetHints":{"allow":["GET"]}}],"collection":[{"href":"https:\/\/csgo-trade.net\/pt-pt\/wp-json\/wp\/v2\/product"}],"about":[{"href":"https:\/\/csgo-trade.net\/pt-pt\/wp-json\/wp\/v2\/types\/product"}],"replies":[{"embeddable":true,"href":"https:\/\/csgo-trade.net\/pt-pt\/wp-json\/wp\/v2\/comments?post=4197"}],"wp:featuredmedia":[{"embeddable":true,"href":"https:\/\/csgo-trade.net\/pt-pt\/wp-json\/wp\/v2\/media\/3845"}],"wp:attachment":[{"href":"https:\/\/csgo-trade.net\/pt-pt\/wp-json\/wp\/v2\/media?parent=4197"}],"wp:term":[{"taxonomy":"product_brand","embeddable":true,"href":"https:\/\/csgo-trade.net\/pt-pt\/wp-json\/wp\/v2\/product_brand?post=4197"},{"taxonomy":"product_cat","embeddable":true,"href":"https:\/\/csgo-trade.net\/pt-pt\/wp-json\/wp\/v2\/product_cat?post=4197"},{"taxonomy":"product_tag","embeddable":true,"href":"https:\/\/csgo-trade.net\/pt-pt\/wp-json\/wp\/v2\/product_tag?post=4197"}],"curies":[{"name":"wp","href":"https:\/\/api.w.org\/{rel}","templated":true}]}}