{"id":4195,"date":"2022-09-29T15:10:20","date_gmt":"2022-09-29T15:10:20","guid":{"rendered":"https:\/\/skinpoint.r-s.space\/shop\/bloodhound-gloves-snakebite\/"},"modified":"2023-04-24T16:03:56","modified_gmt":"2023-04-24T16:03:56","slug":"bloodhound-gloves-snakebite","status":"publish","type":"product","link":"https:\/\/csgo-trade.net\/pt-pt\/catalog\/bloodhound-gloves-snakebite\/","title":{"rendered":"Luvas Bloodhound | Snakebite"},"content":{"rendered":"<p>As luvas s\u00e3o feitas de couro marrom escuro e pele de cobra marrom-bege. O design \u00e9 complementado com rebites dourados e os logotipos da Opera\u00e7\u00e3o Bloodhound.<\/p>\n","protected":false},"excerpt":{"rendered":"<p>As luvas s\u00e3o feitas de couro marrom escuro e pele de cobra marrom-bege. O design \u00e9 complementado com rebites dourados e os logotipos da Opera\u00e7\u00e3o Bloodhound.<\/p>\n","protected":false},"featured_media":3848,"comment_status":"open","ping_status":"closed","template":"","meta":[],"product_brand":[],"product_cat":[199,201],"product_tag":[268],"class_list":{"0":"post-4195","1":"product","2":"type-product","3":"status-publish","4":"has-post-thumbnail","6":"product_cat-luvas","7":"product_cat-luvas-bloodhound","8":"product_tag-extraordinario","9":"pa_all-products-skins","11":"first","12":"instock","13":"shipping-taxable","14":"purchasable","15":"product-type-simple"},"_links":{"self":[{"href":"https:\/\/csgo-trade.net\/pt-pt\/wp-json\/wp\/v2\/product\/4195","targetHints":{"allow":["GET"]}}],"collection":[{"href":"https:\/\/csgo-trade.net\/pt-pt\/wp-json\/wp\/v2\/product"}],"about":[{"href":"https:\/\/csgo-trade.net\/pt-pt\/wp-json\/wp\/v2\/types\/product"}],"replies":[{"embeddable":true,"href":"https:\/\/csgo-trade.net\/pt-pt\/wp-json\/wp\/v2\/comments?post=4195"}],"wp:featuredmedia":[{"embeddable":true,"href":"https:\/\/csgo-trade.net\/pt-pt\/wp-json\/wp\/v2\/media\/3848"}],"wp:attachment":[{"href":"https:\/\/csgo-trade.net\/pt-pt\/wp-json\/wp\/v2\/media?parent=4195"}],"wp:term":[{"taxonomy":"product_brand","embeddable":true,"href":"https:\/\/csgo-trade.net\/pt-pt\/wp-json\/wp\/v2\/product_brand?post=4195"},{"taxonomy":"product_cat","embeddable":true,"href":"https:\/\/csgo-trade.net\/pt-pt\/wp-json\/wp\/v2\/product_cat?post=4195"},{"taxonomy":"product_tag","embeddable":true,"href":"https:\/\/csgo-trade.net\/pt-pt\/wp-json\/wp\/v2\/product_tag?post=4195"}],"curies":[{"name":"wp","href":"https:\/\/api.w.org\/{rel}","templated":true}]}}