{"id":4193,"date":"2022-09-29T15:11:45","date_gmt":"2022-09-29T15:11:45","guid":{"rendered":"https:\/\/skinpoint.r-s.space\/shop\/broken-fang-gloves-yellow-banded\/"},"modified":"2023-04-24T16:02:43","modified_gmt":"2023-04-24T16:02:43","slug":"broken-fang-gloves-yellow-banded","status":"publish","type":"product","link":"https:\/\/csgo-trade.net\/pt-pt\/catalog\/broken-fang-gloves-yellow-banded\/","title":{"rendered":"Luvas Broken Fang | Yellow-banded"},"content":{"rendered":"<p>As luvas s\u00e3o feitas de couro amarelo, decoradas com um padr\u00e3o abstrato preto e combinadas com inser\u00e7\u00f5es de couro preto. O design \u00e9 complementado por tachas de lat\u00e3o e sobreposi\u00e7\u00f5es na forma do logotipo da Opera\u00e7\u00e3o Broken Fang.<\/p>\n","protected":false},"excerpt":{"rendered":"<p>As luvas s\u00e3o feitas de couro amarelo, decoradas com um padr\u00e3o abstrato preto e combinadas com inser\u00e7\u00f5es de couro preto. O design \u00e9 complementado por tachas de lat\u00e3o e sobreposi\u00e7\u00f5es na forma do logotipo da Opera\u00e7\u00e3o Broken Fang.<\/p>\n","protected":false},"featured_media":3851,"comment_status":"open","ping_status":"closed","template":"","meta":[],"product_brand":[],"product_cat":[199,202],"product_tag":[268],"class_list":{"0":"post-4193","1":"product","2":"type-product","3":"status-publish","4":"has-post-thumbnail","6":"product_cat-luvas","7":"product_cat-luvas-broken-fang","8":"product_tag-extraordinario","9":"pa_all-products-skins","11":"first","12":"instock","13":"shipping-taxable","14":"purchasable","15":"product-type-simple"},"_links":{"self":[{"href":"https:\/\/csgo-trade.net\/pt-pt\/wp-json\/wp\/v2\/product\/4193","targetHints":{"allow":["GET"]}}],"collection":[{"href":"https:\/\/csgo-trade.net\/pt-pt\/wp-json\/wp\/v2\/product"}],"about":[{"href":"https:\/\/csgo-trade.net\/pt-pt\/wp-json\/wp\/v2\/types\/product"}],"replies":[{"embeddable":true,"href":"https:\/\/csgo-trade.net\/pt-pt\/wp-json\/wp\/v2\/comments?post=4193"}],"wp:featuredmedia":[{"embeddable":true,"href":"https:\/\/csgo-trade.net\/pt-pt\/wp-json\/wp\/v2\/media\/3851"}],"wp:attachment":[{"href":"https:\/\/csgo-trade.net\/pt-pt\/wp-json\/wp\/v2\/media?parent=4193"}],"wp:term":[{"taxonomy":"product_brand","embeddable":true,"href":"https:\/\/csgo-trade.net\/pt-pt\/wp-json\/wp\/v2\/product_brand?post=4193"},{"taxonomy":"product_cat","embeddable":true,"href":"https:\/\/csgo-trade.net\/pt-pt\/wp-json\/wp\/v2\/product_cat?post=4193"},{"taxonomy":"product_tag","embeddable":true,"href":"https:\/\/csgo-trade.net\/pt-pt\/wp-json\/wp\/v2\/product_tag?post=4193"}],"curies":[{"name":"wp","href":"https:\/\/api.w.org\/{rel}","templated":true}]}}