{"id":4191,"date":"2022-09-29T15:12:58","date_gmt":"2022-09-29T15:12:58","guid":{"rendered":"https:\/\/skinpoint.r-s.space\/shop\/broken-fang-gloves-jade\/"},"modified":"2023-04-24T16:01:35","modified_gmt":"2023-04-24T16:01:35","slug":"broken-fang-gloves-jade","status":"publish","type":"product","link":"https:\/\/csgo-trade.net\/pt-pt\/catalog\/broken-fang-gloves-jade\/","title":{"rendered":"Luvas Broken Fang | Jade"},"content":{"rendered":"<p>As luvas s\u00e3o de couro verde com brilho met\u00e1lico. O design \u00e9 complementado por pinos de lat\u00e3o e sobreposi\u00e7\u00f5es na forma do logotipo da Opera\u00e7\u00e3o Broken Fang.<\/p>\n","protected":false},"excerpt":{"rendered":"<p>As luvas s\u00e3o de couro verde com brilho met\u00e1lico. O design \u00e9 complementado por pinos de lat\u00e3o e sobreposi\u00e7\u00f5es na forma do logotipo da Opera\u00e7\u00e3o Broken Fang.<\/p>\n","protected":false},"featured_media":3854,"comment_status":"open","ping_status":"closed","template":"","meta":[],"product_brand":[],"product_cat":[199,202],"product_tag":[268],"class_list":{"0":"post-4191","1":"product","2":"type-product","3":"status-publish","4":"has-post-thumbnail","6":"product_cat-luvas","7":"product_cat-luvas-broken-fang","8":"product_tag-extraordinario","9":"pa_all-products-skins","11":"first","12":"instock","13":"shipping-taxable","14":"purchasable","15":"product-type-simple"},"_links":{"self":[{"href":"https:\/\/csgo-trade.net\/pt-pt\/wp-json\/wp\/v2\/product\/4191","targetHints":{"allow":["GET"]}}],"collection":[{"href":"https:\/\/csgo-trade.net\/pt-pt\/wp-json\/wp\/v2\/product"}],"about":[{"href":"https:\/\/csgo-trade.net\/pt-pt\/wp-json\/wp\/v2\/types\/product"}],"replies":[{"embeddable":true,"href":"https:\/\/csgo-trade.net\/pt-pt\/wp-json\/wp\/v2\/comments?post=4191"}],"wp:featuredmedia":[{"embeddable":true,"href":"https:\/\/csgo-trade.net\/pt-pt\/wp-json\/wp\/v2\/media\/3854"}],"wp:attachment":[{"href":"https:\/\/csgo-trade.net\/pt-pt\/wp-json\/wp\/v2\/media?parent=4191"}],"wp:term":[{"taxonomy":"product_brand","embeddable":true,"href":"https:\/\/csgo-trade.net\/pt-pt\/wp-json\/wp\/v2\/product_brand?post=4191"},{"taxonomy":"product_cat","embeddable":true,"href":"https:\/\/csgo-trade.net\/pt-pt\/wp-json\/wp\/v2\/product_cat?post=4191"},{"taxonomy":"product_tag","embeddable":true,"href":"https:\/\/csgo-trade.net\/pt-pt\/wp-json\/wp\/v2\/product_tag?post=4191"}],"curies":[{"name":"wp","href":"https:\/\/api.w.org\/{rel}","templated":true}]}}