{"id":4189,"date":"2022-09-29T15:15:46","date_gmt":"2022-09-29T15:15:46","guid":{"rendered":"https:\/\/skinpoint.r-s.space\/shop\/driver-gloves-rezan-the-red\/"},"modified":"2023-04-24T15:59:45","modified_gmt":"2023-04-24T15:59:45","slug":"driver-gloves-rezan-the-red","status":"publish","type":"product","link":"https:\/\/csgo-trade.net\/pt-pt\/catalog\/driver-gloves-rezan-the-red\/","title":{"rendered":"Luvas de Condutor | Rezan the Red"},"content":{"rendered":"<p>A parte externa das luvas \u00e9 feita de couro burgundy e parcialmente decorada com um padr\u00e3o xadrez em camur\u00e7a amarela. A parte interna da luva \u00e9 feita de camur\u00e7a cinza e complementada por inser\u00e7\u00f5es texturizadas cinza.<\/p>\n","protected":false},"excerpt":{"rendered":"<p>A parte externa das luvas \u00e9 feita de couro burgundy e parcialmente decorada com um padr\u00e3o xadrez em camur\u00e7a amarela. A parte interna da luva \u00e9 feita de camur\u00e7a cinza e complementada por inser\u00e7\u00f5es texturizadas cinza.<\/p>\n","protected":false},"featured_media":3857,"comment_status":"open","ping_status":"closed","template":"","meta":[],"product_brand":[],"product_cat":[199,203],"product_tag":[268],"class_list":{"0":"post-4189","1":"product","2":"type-product","3":"status-publish","4":"has-post-thumbnail","6":"product_cat-luvas","7":"product_cat-luvas-de-condutor","8":"product_tag-extraordinario","9":"pa_all-products-skins","11":"first","12":"instock","13":"shipping-taxable","14":"purchasable","15":"product-type-simple"},"_links":{"self":[{"href":"https:\/\/csgo-trade.net\/pt-pt\/wp-json\/wp\/v2\/product\/4189","targetHints":{"allow":["GET"]}}],"collection":[{"href":"https:\/\/csgo-trade.net\/pt-pt\/wp-json\/wp\/v2\/product"}],"about":[{"href":"https:\/\/csgo-trade.net\/pt-pt\/wp-json\/wp\/v2\/types\/product"}],"replies":[{"embeddable":true,"href":"https:\/\/csgo-trade.net\/pt-pt\/wp-json\/wp\/v2\/comments?post=4189"}],"wp:featuredmedia":[{"embeddable":true,"href":"https:\/\/csgo-trade.net\/pt-pt\/wp-json\/wp\/v2\/media\/3857"}],"wp:attachment":[{"href":"https:\/\/csgo-trade.net\/pt-pt\/wp-json\/wp\/v2\/media?parent=4189"}],"wp:term":[{"taxonomy":"product_brand","embeddable":true,"href":"https:\/\/csgo-trade.net\/pt-pt\/wp-json\/wp\/v2\/product_brand?post=4189"},{"taxonomy":"product_cat","embeddable":true,"href":"https:\/\/csgo-trade.net\/pt-pt\/wp-json\/wp\/v2\/product_cat?post=4189"},{"taxonomy":"product_tag","embeddable":true,"href":"https:\/\/csgo-trade.net\/pt-pt\/wp-json\/wp\/v2\/product_tag?post=4189"}],"curies":[{"name":"wp","href":"https:\/\/api.w.org\/{rel}","templated":true}]}}