{"id":4188,"date":"2022-09-29T15:17:43","date_gmt":"2022-09-29T15:17:43","guid":{"rendered":"https:\/\/skinpoint.r-s.space\/shop\/driver-gloves-overtake\/"},"modified":"2023-04-24T15:58:47","modified_gmt":"2023-04-24T15:58:47","slug":"driver-gloves-overtake","status":"publish","type":"product","link":"https:\/\/csgo-trade.net\/pt-pt\/catalog\/driver-gloves-overtake\/","title":{"rendered":"Luvas de Condutor | Overtake"},"content":{"rendered":"<div class=\"annnxlqzhymzaionifjkgzahjj\">\n<p class=\"rymgtnrtbqtxgpyehdjfcapxzy\">O lado de cima das luvas \u00e9 feito de couro verde-escuro e adornado com um padr\u00e3o xadrez de camur\u00e7a verde-acinzentada. O lado da palma \u00e9 feito de camur\u00e7a verde-acinzentada e refor\u00e7ado com inser\u00e7\u00f5es texturizadas cinza.<\/p>\n<\/div>\n","protected":false},"excerpt":{"rendered":"<p>O lado de cima das luvas \u00e9 feito de couro verde-escuro e adornado com um padr\u00e3o xadrez de camur\u00e7a verde-acinzentada. O lado da palma \u00e9 feito de camur\u00e7a verde-acinzentada e refor\u00e7ado com inser\u00e7\u00f5es texturizadas cinza.<\/p>\n","protected":false},"featured_media":3860,"comment_status":"open","ping_status":"closed","template":"","meta":[],"product_brand":[],"product_cat":[199,203],"product_tag":[268],"class_list":{"0":"post-4188","1":"product","2":"type-product","3":"status-publish","4":"has-post-thumbnail","6":"product_cat-luvas","7":"product_cat-luvas-de-condutor","8":"product_tag-extraordinario","9":"pa_all-products-skins","11":"first","12":"instock","13":"shipping-taxable","14":"purchasable","15":"product-type-simple"},"_links":{"self":[{"href":"https:\/\/csgo-trade.net\/pt-pt\/wp-json\/wp\/v2\/product\/4188","targetHints":{"allow":["GET"]}}],"collection":[{"href":"https:\/\/csgo-trade.net\/pt-pt\/wp-json\/wp\/v2\/product"}],"about":[{"href":"https:\/\/csgo-trade.net\/pt-pt\/wp-json\/wp\/v2\/types\/product"}],"replies":[{"embeddable":true,"href":"https:\/\/csgo-trade.net\/pt-pt\/wp-json\/wp\/v2\/comments?post=4188"}],"wp:featuredmedia":[{"embeddable":true,"href":"https:\/\/csgo-trade.net\/pt-pt\/wp-json\/wp\/v2\/media\/3860"}],"wp:attachment":[{"href":"https:\/\/csgo-trade.net\/pt-pt\/wp-json\/wp\/v2\/media?parent=4188"}],"wp:term":[{"taxonomy":"product_brand","embeddable":true,"href":"https:\/\/csgo-trade.net\/pt-pt\/wp-json\/wp\/v2\/product_brand?post=4188"},{"taxonomy":"product_cat","embeddable":true,"href":"https:\/\/csgo-trade.net\/pt-pt\/wp-json\/wp\/v2\/product_cat?post=4188"},{"taxonomy":"product_tag","embeddable":true,"href":"https:\/\/csgo-trade.net\/pt-pt\/wp-json\/wp\/v2\/product_tag?post=4188"}],"curies":[{"name":"wp","href":"https:\/\/api.w.org\/{rel}","templated":true}]}}