{"id":4186,"date":"2022-09-29T15:21:17","date_gmt":"2022-09-29T15:21:17","guid":{"rendered":"https:\/\/skinpoint.r-s.space\/shop\/driver-gloves-black-tie\/"},"modified":"2023-04-24T15:56:49","modified_gmt":"2023-04-24T15:56:49","slug":"driver-gloves-black-tie","status":"publish","type":"product","link":"https:\/\/csgo-trade.net\/pt-pt\/catalog\/driver-gloves-black-tie\/","title":{"rendered":"Luvas de Condutor | Black Tie"},"content":{"rendered":"<div class=\"annnxlqzhymzaionifjkgzahjj\">\n<p class=\"rymgtnrtbqtxgpyehdjfcapxzy\">O lado exterior das luvas \u00e9 feito de couro preto e parcialmente decorado com um padr\u00e3o xadrez de camur\u00e7a preta. O lado da palma das luvas \u00e9 feito de couro branco com inser\u00e7\u00f5es texturizadas em cinza.<\/p>\n<\/div>\n","protected":false},"excerpt":{"rendered":"<p>O lado exterior das luvas \u00e9 feito de couro preto e parcialmente decorado com um padr\u00e3o xadrez de camur\u00e7a preta. O lado da palma das luvas \u00e9 feito de couro branco com inser\u00e7\u00f5es texturizadas em cinza.<\/p>\n","protected":false},"featured_media":3866,"comment_status":"open","ping_status":"closed","template":"","meta":[],"product_brand":[],"product_cat":[199,203],"product_tag":[268],"class_list":{"0":"post-4186","1":"product","2":"type-product","3":"status-publish","4":"has-post-thumbnail","6":"product_cat-luvas","7":"product_cat-luvas-de-condutor","8":"product_tag-extraordinario","9":"pa_all-products-skins","11":"first","12":"instock","13":"shipping-taxable","14":"purchasable","15":"product-type-simple"},"_links":{"self":[{"href":"https:\/\/csgo-trade.net\/pt-pt\/wp-json\/wp\/v2\/product\/4186","targetHints":{"allow":["GET"]}}],"collection":[{"href":"https:\/\/csgo-trade.net\/pt-pt\/wp-json\/wp\/v2\/product"}],"about":[{"href":"https:\/\/csgo-trade.net\/pt-pt\/wp-json\/wp\/v2\/types\/product"}],"replies":[{"embeddable":true,"href":"https:\/\/csgo-trade.net\/pt-pt\/wp-json\/wp\/v2\/comments?post=4186"}],"wp:featuredmedia":[{"embeddable":true,"href":"https:\/\/csgo-trade.net\/pt-pt\/wp-json\/wp\/v2\/media\/3866"}],"wp:attachment":[{"href":"https:\/\/csgo-trade.net\/pt-pt\/wp-json\/wp\/v2\/media?parent=4186"}],"wp:term":[{"taxonomy":"product_brand","embeddable":true,"href":"https:\/\/csgo-trade.net\/pt-pt\/wp-json\/wp\/v2\/product_brand?post=4186"},{"taxonomy":"product_cat","embeddable":true,"href":"https:\/\/csgo-trade.net\/pt-pt\/wp-json\/wp\/v2\/product_cat?post=4186"},{"taxonomy":"product_tag","embeddable":true,"href":"https:\/\/csgo-trade.net\/pt-pt\/wp-json\/wp\/v2\/product_tag?post=4186"}],"curies":[{"name":"wp","href":"https:\/\/api.w.org\/{rel}","templated":true}]}}