{"id":4184,"date":"2022-09-29T15:35:15","date_gmt":"2022-09-29T15:35:15","guid":{"rendered":"https:\/\/skinpoint.r-s.space\/shop\/hand-wraps-desert-shamagh\/"},"modified":"2023-04-24T15:54:26","modified_gmt":"2023-04-24T15:54:26","slug":"hand-wraps-desert-shamagh","status":"publish","type":"product","link":"https:\/\/csgo-trade.net\/pt-pt\/catalog\/hand-wraps-desert-shamagh\/","title":{"rendered":"Faixas de M\u00e3o | Desert Shamagh"},"content":{"rendered":"<div class=\"annnxlqzhymzaionifjkgzahjj\">\n<p class=\"rymgtnrtbqtxgpyehdjfcapxzy\">A camada interna das faixas \u00e9 feita de tecido marrom. A camada externa \u00e9 feita de fita de lona com um padr\u00e3o t\u00eaxtil Houndstooth. O design \u00e9 feito em cores bege e marrom.<\/p>\n<\/div>\n","protected":false},"excerpt":{"rendered":"<p>A camada interna das faixas \u00e9 feita de tecido marrom. A camada externa \u00e9 feita de fita de lona com um padr\u00e3o t\u00eaxtil Houndstooth. O design \u00e9 feito em cores bege e marrom.<\/p>\n","protected":false},"featured_media":3872,"comment_status":"open","ping_status":"closed","template":"","meta":[],"product_brand":[],"product_cat":[204,199],"product_tag":[268],"class_list":{"0":"post-4184","1":"product","2":"type-product","3":"status-publish","4":"has-post-thumbnail","6":"product_cat-faixas-de-mao","7":"product_cat-luvas","8":"product_tag-extraordinario","9":"pa_all-products-skins","11":"first","12":"instock","13":"shipping-taxable","14":"purchasable","15":"product-type-simple"},"_links":{"self":[{"href":"https:\/\/csgo-trade.net\/pt-pt\/wp-json\/wp\/v2\/product\/4184","targetHints":{"allow":["GET"]}}],"collection":[{"href":"https:\/\/csgo-trade.net\/pt-pt\/wp-json\/wp\/v2\/product"}],"about":[{"href":"https:\/\/csgo-trade.net\/pt-pt\/wp-json\/wp\/v2\/types\/product"}],"replies":[{"embeddable":true,"href":"https:\/\/csgo-trade.net\/pt-pt\/wp-json\/wp\/v2\/comments?post=4184"}],"wp:featuredmedia":[{"embeddable":true,"href":"https:\/\/csgo-trade.net\/pt-pt\/wp-json\/wp\/v2\/media\/3872"}],"wp:attachment":[{"href":"https:\/\/csgo-trade.net\/pt-pt\/wp-json\/wp\/v2\/media?parent=4184"}],"wp:term":[{"taxonomy":"product_brand","embeddable":true,"href":"https:\/\/csgo-trade.net\/pt-pt\/wp-json\/wp\/v2\/product_brand?post=4184"},{"taxonomy":"product_cat","embeddable":true,"href":"https:\/\/csgo-trade.net\/pt-pt\/wp-json\/wp\/v2\/product_cat?post=4184"},{"taxonomy":"product_tag","embeddable":true,"href":"https:\/\/csgo-trade.net\/pt-pt\/wp-json\/wp\/v2\/product_tag?post=4184"}],"curies":[{"name":"wp","href":"https:\/\/api.w.org\/{rel}","templated":true}]}}