{"id":4170,"date":"2022-09-29T15:52:01","date_gmt":"2022-09-29T15:52:01","guid":{"rendered":"https:\/\/skinpoint.r-s.space\/shop\/moto-gloves-smoke-out\/"},"modified":"2023-04-24T12:33:50","modified_gmt":"2023-04-24T12:33:50","slug":"moto-gloves-smoke-out","status":"publish","type":"product","link":"https:\/\/csgo-trade.net\/pt-pt\/catalog\/moto-gloves-smoke-out\/","title":{"rendered":"Luvas de Motociclista | Smoke Out"},"content":{"rendered":"<div class=\"annnxlqzhymzaionifjkgzahjj\">\n<p class=\"rymgtnrtbqtxgpyehdjfcapxzy\">As luvas s\u00e3o feitas de couro cinza-escuro e parcialmente decoradas com um padr\u00e3o abstrato. A parte exterior das luvas apresenta acentos em azul e protetores de concha em cinza. A parte da palma das luvas \u00e9 feita de dois tipos de couro cinza e parcialmente complementada por inser\u00e7\u00f5es de tecido cinza.<\/p>\n<\/div>\n","protected":false},"excerpt":{"rendered":"<p>As luvas s\u00e3o feitas de couro cinza-escuro e parcialmente decoradas com um padr\u00e3o abstrato. A parte exterior das luvas apresenta acentos em azul e protetores de concha em cinza. A parte da palma das luvas \u00e9 feita de dois tipos de couro cinza e parcialmente complementada por inser\u00e7\u00f5es de tecido cinza.<\/p>\n","protected":false},"featured_media":3899,"comment_status":"open","ping_status":"closed","template":"","meta":[],"product_brand":[],"product_cat":[199,206],"product_tag":[268],"class_list":{"0":"post-4170","1":"product","2":"type-product","3":"status-publish","4":"has-post-thumbnail","6":"product_cat-luvas","7":"product_cat-luvas-de-motociclista","8":"product_tag-extraordinario","9":"pa_all-products-skins","11":"first","12":"instock","13":"shipping-taxable","14":"purchasable","15":"product-type-simple"},"_links":{"self":[{"href":"https:\/\/csgo-trade.net\/pt-pt\/wp-json\/wp\/v2\/product\/4170","targetHints":{"allow":["GET"]}}],"collection":[{"href":"https:\/\/csgo-trade.net\/pt-pt\/wp-json\/wp\/v2\/product"}],"about":[{"href":"https:\/\/csgo-trade.net\/pt-pt\/wp-json\/wp\/v2\/types\/product"}],"replies":[{"embeddable":true,"href":"https:\/\/csgo-trade.net\/pt-pt\/wp-json\/wp\/v2\/comments?post=4170"}],"wp:featuredmedia":[{"embeddable":true,"href":"https:\/\/csgo-trade.net\/pt-pt\/wp-json\/wp\/v2\/media\/3899"}],"wp:attachment":[{"href":"https:\/\/csgo-trade.net\/pt-pt\/wp-json\/wp\/v2\/media?parent=4170"}],"wp:term":[{"taxonomy":"product_brand","embeddable":true,"href":"https:\/\/csgo-trade.net\/pt-pt\/wp-json\/wp\/v2\/product_brand?post=4170"},{"taxonomy":"product_cat","embeddable":true,"href":"https:\/\/csgo-trade.net\/pt-pt\/wp-json\/wp\/v2\/product_cat?post=4170"},{"taxonomy":"product_tag","embeddable":true,"href":"https:\/\/csgo-trade.net\/pt-pt\/wp-json\/wp\/v2\/product_tag?post=4170"}],"curies":[{"name":"wp","href":"https:\/\/api.w.org\/{rel}","templated":true}]}}