{"id":4168,"date":"2022-09-29T15:54:13","date_gmt":"2022-09-29T15:54:13","guid":{"rendered":"https:\/\/skinpoint.r-s.space\/shop\/moto-gloves-blood-pressure\/"},"modified":"2023-04-24T12:29:43","modified_gmt":"2023-04-24T12:29:43","slug":"moto-gloves-blood-pressure","status":"publish","type":"product","link":"https:\/\/csgo-trade.net\/pt-pt\/catalog\/moto-gloves-blood-pressure\/","title":{"rendered":"Luvas de Motociclista | Blood Pressure"},"content":{"rendered":"<div class=\"annnxlqzhymzaionifjkgzahjj\">\n<p class=\"rymgtnrtbqtxgpyehdjfcapxzy\">As luvas s\u00e3o feitas de couro preto e parcialmente decoradas com um padr\u00e3o abstrato que imita vasos sangu\u00edneos. A parte exterior das luvas \u00e9 complementada com acentos em bord\u00f4 e protetores de concha que imitam um revestimento de carbono. A parte da palma das luvas \u00e9 feita de couro preto e bord\u00f4 e parcialmente decorada com ornamentos capilares.<\/p>\n<\/div>\n","protected":false},"excerpt":{"rendered":"<p>As luvas s\u00e3o feitas de couro preto e parcialmente decoradas com um padr\u00e3o abstrato que imita vasos sangu\u00edneos. A parte exterior das luvas \u00e9 complementada com acentos em bord\u00f4 e protetores de concha que imitam um revestimento de carbono. A parte da palma das luvas \u00e9 feita de couro preto e bord\u00f4 e parcialmente decorada [&#8230;]\n","protected":false},"featured_media":3902,"comment_status":"open","ping_status":"closed","template":"","meta":[],"product_brand":[],"product_cat":[199,206],"product_tag":[268],"class_list":{"0":"post-4168","1":"product","2":"type-product","3":"status-publish","4":"has-post-thumbnail","6":"product_cat-luvas","7":"product_cat-luvas-de-motociclista","8":"product_tag-extraordinario","9":"pa_all-products-skins","11":"first","12":"instock","13":"shipping-taxable","14":"purchasable","15":"product-type-simple"},"_links":{"self":[{"href":"https:\/\/csgo-trade.net\/pt-pt\/wp-json\/wp\/v2\/product\/4168","targetHints":{"allow":["GET"]}}],"collection":[{"href":"https:\/\/csgo-trade.net\/pt-pt\/wp-json\/wp\/v2\/product"}],"about":[{"href":"https:\/\/csgo-trade.net\/pt-pt\/wp-json\/wp\/v2\/types\/product"}],"replies":[{"embeddable":true,"href":"https:\/\/csgo-trade.net\/pt-pt\/wp-json\/wp\/v2\/comments?post=4168"}],"wp:featuredmedia":[{"embeddable":true,"href":"https:\/\/csgo-trade.net\/pt-pt\/wp-json\/wp\/v2\/media\/3902"}],"wp:attachment":[{"href":"https:\/\/csgo-trade.net\/pt-pt\/wp-json\/wp\/v2\/media?parent=4168"}],"wp:term":[{"taxonomy":"product_brand","embeddable":true,"href":"https:\/\/csgo-trade.net\/pt-pt\/wp-json\/wp\/v2\/product_brand?post=4168"},{"taxonomy":"product_cat","embeddable":true,"href":"https:\/\/csgo-trade.net\/pt-pt\/wp-json\/wp\/v2\/product_cat?post=4168"},{"taxonomy":"product_tag","embeddable":true,"href":"https:\/\/csgo-trade.net\/pt-pt\/wp-json\/wp\/v2\/product_tag?post=4168"}],"curies":[{"name":"wp","href":"https:\/\/api.w.org\/{rel}","templated":true}]}}