{"id":4165,"date":"2022-09-29T16:06:14","date_gmt":"2022-09-29T16:06:14","guid":{"rendered":"https:\/\/skinpoint.r-s.space\/shop\/moto-gloves-pow\/"},"modified":"2023-04-24T12:23:35","modified_gmt":"2023-04-24T12:23:35","slug":"moto-gloves-pow","status":"publish","type":"product","link":"https:\/\/csgo-trade.net\/pt-pt\/catalog\/moto-gloves-pow\/","title":{"rendered":"Luvas de Motociclista | POW!"},"content":{"rendered":"<div class=\"annnxlqzhymzaionifjkgzahjj\">\n<p class=\"rymgtnrtbqtxgpyehdjfcapxzy\">As luvas s\u00e3o feitas de couro branco e adornadas com um padr\u00e3o vermelho-laranja de palavras &#8220;BOOM!&#8221;, &#8220;CRACK!&#8221;, &#8220;BLAM!&#8221; e &#8220;POW!&#8221; que est\u00e3o dentro de bal\u00f5es de fala. A parte superior das luvas \u00e9 complementada com protetores de concha marrom. A parte da palma \u00e9 refor\u00e7ada com inser\u00e7\u00f5es laranja.<\/p>\n<\/div>\n","protected":false},"excerpt":{"rendered":"<p>As luvas s\u00e3o feitas de couro branco e adornadas com um padr\u00e3o vermelho-laranja de palavras &#8220;BOOM!&#8221;, &#8220;CRACK!&#8221;, &#8220;BLAM!&#8221; e &#8220;POW!&#8221; que est\u00e3o dentro de bal\u00f5es de fala. A parte superior das luvas \u00e9 complementada com protetores de concha marrom. A parte da palma \u00e9 refor\u00e7ada com inser\u00e7\u00f5es laranja.<\/p>\n","protected":false},"featured_media":3911,"comment_status":"open","ping_status":"closed","template":"","meta":[],"product_brand":[],"product_cat":[199,206],"product_tag":[268],"class_list":{"0":"post-4165","1":"product","2":"type-product","3":"status-publish","4":"has-post-thumbnail","6":"product_cat-luvas","7":"product_cat-luvas-de-motociclista","8":"product_tag-extraordinario","9":"pa_all-products-skins","11":"first","12":"instock","13":"shipping-taxable","14":"purchasable","15":"product-type-simple"},"_links":{"self":[{"href":"https:\/\/csgo-trade.net\/pt-pt\/wp-json\/wp\/v2\/product\/4165","targetHints":{"allow":["GET"]}}],"collection":[{"href":"https:\/\/csgo-trade.net\/pt-pt\/wp-json\/wp\/v2\/product"}],"about":[{"href":"https:\/\/csgo-trade.net\/pt-pt\/wp-json\/wp\/v2\/types\/product"}],"replies":[{"embeddable":true,"href":"https:\/\/csgo-trade.net\/pt-pt\/wp-json\/wp\/v2\/comments?post=4165"}],"wp:featuredmedia":[{"embeddable":true,"href":"https:\/\/csgo-trade.net\/pt-pt\/wp-json\/wp\/v2\/media\/3911"}],"wp:attachment":[{"href":"https:\/\/csgo-trade.net\/pt-pt\/wp-json\/wp\/v2\/media?parent=4165"}],"wp:term":[{"taxonomy":"product_brand","embeddable":true,"href":"https:\/\/csgo-trade.net\/pt-pt\/wp-json\/wp\/v2\/product_brand?post=4165"},{"taxonomy":"product_cat","embeddable":true,"href":"https:\/\/csgo-trade.net\/pt-pt\/wp-json\/wp\/v2\/product_cat?post=4165"},{"taxonomy":"product_tag","embeddable":true,"href":"https:\/\/csgo-trade.net\/pt-pt\/wp-json\/wp\/v2\/product_tag?post=4165"}],"curies":[{"name":"wp","href":"https:\/\/api.w.org\/{rel}","templated":true}]}}