{"id":4163,"date":"2022-09-29T16:11:04","date_gmt":"2022-09-29T16:11:04","guid":{"rendered":"https:\/\/skinpoint.r-s.space\/shop\/specialist-gloves-buckshot\/"},"modified":"2023-04-24T12:15:59","modified_gmt":"2023-04-24T12:15:59","slug":"specialist-gloves-buckshot","status":"publish","type":"product","link":"https:\/\/csgo-trade.net\/pt-pt\/catalog\/specialist-gloves-buckshot\/","title":{"rendered":"Luvas de Especialista | Buckshot"},"content":{"rendered":"<div class=\"annnxlqzhymzaionifjkgzahjj\">\n<p class=\"rymgtnrtbqtxgpyehdjfcapxzy\">A parte superior das luvas \u00e9 feita de um tecido adornado com um padr\u00e3o de camuflagem verde-marrom. O design \u00e9 complementado com inser\u00e7\u00f5es emborrachadas em caqui. A parte da palma \u00e9 feita de tecido verde e refor\u00e7ada com inser\u00e7\u00f5es cinza.<\/p>\n<\/div>\n","protected":false},"excerpt":{"rendered":"<p>A parte superior das luvas \u00e9 feita de um tecido adornado com um padr\u00e3o de camuflagem verde-marrom. O design \u00e9 complementado com inser\u00e7\u00f5es emborrachadas em caqui. A parte da palma \u00e9 feita de tecido verde e refor\u00e7ada com inser\u00e7\u00f5es cinza.<\/p>\n","protected":false},"featured_media":3917,"comment_status":"open","ping_status":"closed","template":"","meta":[],"product_brand":[],"product_cat":[199,207],"product_tag":[268],"class_list":{"0":"post-4163","1":"product","2":"type-product","3":"status-publish","4":"has-post-thumbnail","6":"product_cat-luvas","7":"product_cat-luvas-de-especialista","8":"product_tag-extraordinario","9":"pa_all-products-skins","11":"first","12":"instock","13":"shipping-taxable","14":"purchasable","15":"product-type-simple"},"_links":{"self":[{"href":"https:\/\/csgo-trade.net\/pt-pt\/wp-json\/wp\/v2\/product\/4163","targetHints":{"allow":["GET"]}}],"collection":[{"href":"https:\/\/csgo-trade.net\/pt-pt\/wp-json\/wp\/v2\/product"}],"about":[{"href":"https:\/\/csgo-trade.net\/pt-pt\/wp-json\/wp\/v2\/types\/product"}],"replies":[{"embeddable":true,"href":"https:\/\/csgo-trade.net\/pt-pt\/wp-json\/wp\/v2\/comments?post=4163"}],"wp:featuredmedia":[{"embeddable":true,"href":"https:\/\/csgo-trade.net\/pt-pt\/wp-json\/wp\/v2\/media\/3917"}],"wp:attachment":[{"href":"https:\/\/csgo-trade.net\/pt-pt\/wp-json\/wp\/v2\/media?parent=4163"}],"wp:term":[{"taxonomy":"product_brand","embeddable":true,"href":"https:\/\/csgo-trade.net\/pt-pt\/wp-json\/wp\/v2\/product_brand?post=4163"},{"taxonomy":"product_cat","embeddable":true,"href":"https:\/\/csgo-trade.net\/pt-pt\/wp-json\/wp\/v2\/product_cat?post=4163"},{"taxonomy":"product_tag","embeddable":true,"href":"https:\/\/csgo-trade.net\/pt-pt\/wp-json\/wp\/v2\/product_tag?post=4163"}],"curies":[{"name":"wp","href":"https:\/\/api.w.org\/{rel}","templated":true}]}}