{"id":4162,"date":"2022-09-29T16:12:46","date_gmt":"2022-09-29T16:12:46","guid":{"rendered":"https:\/\/skinpoint.r-s.space\/shop\/specialist-gloves-tiger-strike\/"},"modified":"2023-04-24T12:15:00","modified_gmt":"2023-04-24T12:15:00","slug":"specialist-gloves-tiger-strike","status":"publish","type":"product","link":"https:\/\/csgo-trade.net\/pt-pt\/catalog\/specialist-gloves-tiger-strike\/","title":{"rendered":"Luvas de Especialista | Tiger Strike"},"content":{"rendered":"<div class=\"annnxlqzhymzaionifjkgzahjj\">\n<p class=\"rymgtnrtbqtxgpyehdjfcapxzy\">A parte externa das luvas \u00e9 feita de um tecido \u00e1spero decorado com um padr\u00e3o animal imitando pele de tigre. O design \u00e9 complementado por inser\u00e7\u00f5es emborrachadas em marrom-laranja com um contorno branco. A parte da palma das luvas \u00e9 feita de couro caqui com inser\u00e7\u00f5es brancas e laranjas.<\/p>\n<\/div>\n","protected":false},"excerpt":{"rendered":"<p>A parte externa das luvas \u00e9 feita de um tecido \u00e1spero decorado com um padr\u00e3o animal imitando pele de tigre. O design \u00e9 complementado por inser\u00e7\u00f5es emborrachadas em marrom-laranja com um contorno branco. A parte da palma das luvas \u00e9 feita de couro caqui com inser\u00e7\u00f5es brancas e laranjas.<\/p>\n","protected":false},"featured_media":3920,"comment_status":"open","ping_status":"closed","template":"","meta":[],"product_brand":[],"product_cat":[199,207],"product_tag":[268],"class_list":{"0":"post-4162","1":"product","2":"type-product","3":"status-publish","4":"has-post-thumbnail","6":"product_cat-luvas","7":"product_cat-luvas-de-especialista","8":"product_tag-extraordinario","9":"pa_all-products-skins","11":"first","12":"instock","13":"shipping-taxable","14":"purchasable","15":"product-type-simple"},"_links":{"self":[{"href":"https:\/\/csgo-trade.net\/pt-pt\/wp-json\/wp\/v2\/product\/4162","targetHints":{"allow":["GET"]}}],"collection":[{"href":"https:\/\/csgo-trade.net\/pt-pt\/wp-json\/wp\/v2\/product"}],"about":[{"href":"https:\/\/csgo-trade.net\/pt-pt\/wp-json\/wp\/v2\/types\/product"}],"replies":[{"embeddable":true,"href":"https:\/\/csgo-trade.net\/pt-pt\/wp-json\/wp\/v2\/comments?post=4162"}],"wp:featuredmedia":[{"embeddable":true,"href":"https:\/\/csgo-trade.net\/pt-pt\/wp-json\/wp\/v2\/media\/3920"}],"wp:attachment":[{"href":"https:\/\/csgo-trade.net\/pt-pt\/wp-json\/wp\/v2\/media?parent=4162"}],"wp:term":[{"taxonomy":"product_brand","embeddable":true,"href":"https:\/\/csgo-trade.net\/pt-pt\/wp-json\/wp\/v2\/product_brand?post=4162"},{"taxonomy":"product_cat","embeddable":true,"href":"https:\/\/csgo-trade.net\/pt-pt\/wp-json\/wp\/v2\/product_cat?post=4162"},{"taxonomy":"product_tag","embeddable":true,"href":"https:\/\/csgo-trade.net\/pt-pt\/wp-json\/wp\/v2\/product_tag?post=4162"}],"curies":[{"name":"wp","href":"https:\/\/api.w.org\/{rel}","templated":true}]}}