{"id":4157,"date":"2022-09-29T16:21:40","date_gmt":"2022-09-29T16:21:40","guid":{"rendered":"https:\/\/skinpoint.r-s.space\/shop\/sport-gloves-slingshot\/"},"modified":"2023-04-24T12:04:24","modified_gmt":"2023-04-24T12:04:24","slug":"sport-gloves-slingshot","status":"publish","type":"product","link":"https:\/\/csgo-trade.net\/pt-pt\/catalog\/sport-gloves-slingshot\/","title":{"rendered":"Luvas Desportivas | Slingshot"},"content":{"rendered":"<div class=\"annnxlqzhymzaionifjkgzahjj\">\n<p class=\"rymgtnrtbqtxgpyehdjfcapxzy\">A parte externa das luvas \u00e9 feita de um tecido de malha vermelho e complementado por inser\u00e7\u00f5es brancas em tecido. A parte da palma das luvas \u00e9 feita de um tecido de camuflagem bege-marrom e complementado por patches bege.<\/p>\n<\/div>\n","protected":false},"excerpt":{"rendered":"<p>A parte externa das luvas \u00e9 feita de um tecido de malha vermelho e complementado por inser\u00e7\u00f5es brancas em tecido. A parte da palma das luvas \u00e9 feita de um tecido de camuflagem bege-marrom e complementado por patches bege.<\/p>\n","protected":false},"featured_media":3932,"comment_status":"open","ping_status":"closed","template":"","meta":[],"product_brand":[],"product_cat":[199,208],"product_tag":[268],"class_list":{"0":"post-4157","1":"product","2":"type-product","3":"status-publish","4":"has-post-thumbnail","6":"product_cat-luvas","7":"product_cat-luvas-desportivas","8":"product_tag-extraordinario","9":"pa_all-products-skins","11":"first","12":"instock","13":"shipping-taxable","14":"purchasable","15":"product-type-simple"},"_links":{"self":[{"href":"https:\/\/csgo-trade.net\/pt-pt\/wp-json\/wp\/v2\/product\/4157","targetHints":{"allow":["GET"]}}],"collection":[{"href":"https:\/\/csgo-trade.net\/pt-pt\/wp-json\/wp\/v2\/product"}],"about":[{"href":"https:\/\/csgo-trade.net\/pt-pt\/wp-json\/wp\/v2\/types\/product"}],"replies":[{"embeddable":true,"href":"https:\/\/csgo-trade.net\/pt-pt\/wp-json\/wp\/v2\/comments?post=4157"}],"wp:featuredmedia":[{"embeddable":true,"href":"https:\/\/csgo-trade.net\/pt-pt\/wp-json\/wp\/v2\/media\/3932"}],"wp:attachment":[{"href":"https:\/\/csgo-trade.net\/pt-pt\/wp-json\/wp\/v2\/media?parent=4157"}],"wp:term":[{"taxonomy":"product_brand","embeddable":true,"href":"https:\/\/csgo-trade.net\/pt-pt\/wp-json\/wp\/v2\/product_brand?post=4157"},{"taxonomy":"product_cat","embeddable":true,"href":"https:\/\/csgo-trade.net\/pt-pt\/wp-json\/wp\/v2\/product_cat?post=4157"},{"taxonomy":"product_tag","embeddable":true,"href":"https:\/\/csgo-trade.net\/pt-pt\/wp-json\/wp\/v2\/product_tag?post=4157"}],"curies":[{"name":"wp","href":"https:\/\/api.w.org\/{rel}","templated":true}]}}