{"id":4156,"date":"2022-09-29T16:23:50","date_gmt":"2022-09-29T16:23:50","guid":{"rendered":"https:\/\/skinpoint.r-s.space\/shop\/sport-gloves-arid\/"},"modified":"2023-04-24T12:03:08","modified_gmt":"2023-04-24T12:03:08","slug":"sport-gloves-arid","status":"publish","type":"product","link":"https:\/\/csgo-trade.net\/pt-pt\/catalog\/sport-gloves-arid\/","title":{"rendered":"Luvas Desportivas | Arid"},"content":{"rendered":"<div class=\"annnxlqzhymzaionifjkgzahjj\">\n<p class=\"rymgtnrtbqtxgpyehdjfcapxzy\">A parte superior das luvas \u00e9 feita de tecidos de malha bege e c\u00e1qui, complementados com inser\u00e7\u00f5es bege. A parte da palma \u00e9 adornada com um padr\u00e3o de camuflagem pixelado marrom-verde e refor\u00e7ada com inser\u00e7\u00f5es marrom.<\/p>\n<\/div>\n","protected":false},"excerpt":{"rendered":"<p>A parte superior das luvas \u00e9 feita de tecidos de malha bege e c\u00e1qui, complementados com inser\u00e7\u00f5es bege. A parte da palma \u00e9 adornada com um padr\u00e3o de camuflagem pixelado marrom-verde e refor\u00e7ada com inser\u00e7\u00f5es marrom.<\/p>\n","protected":false},"featured_media":3935,"comment_status":"open","ping_status":"closed","template":"","meta":[],"product_brand":[],"product_cat":[199,208],"product_tag":[268],"class_list":{"0":"post-4156","1":"product","2":"type-product","3":"status-publish","4":"has-post-thumbnail","6":"product_cat-luvas","7":"product_cat-luvas-desportivas","8":"product_tag-extraordinario","9":"pa_all-products-skins","11":"first","12":"instock","13":"shipping-taxable","14":"purchasable","15":"product-type-simple"},"_links":{"self":[{"href":"https:\/\/csgo-trade.net\/pt-pt\/wp-json\/wp\/v2\/product\/4156","targetHints":{"allow":["GET"]}}],"collection":[{"href":"https:\/\/csgo-trade.net\/pt-pt\/wp-json\/wp\/v2\/product"}],"about":[{"href":"https:\/\/csgo-trade.net\/pt-pt\/wp-json\/wp\/v2\/types\/product"}],"replies":[{"embeddable":true,"href":"https:\/\/csgo-trade.net\/pt-pt\/wp-json\/wp\/v2\/comments?post=4156"}],"wp:featuredmedia":[{"embeddable":true,"href":"https:\/\/csgo-trade.net\/pt-pt\/wp-json\/wp\/v2\/media\/3935"}],"wp:attachment":[{"href":"https:\/\/csgo-trade.net\/pt-pt\/wp-json\/wp\/v2\/media?parent=4156"}],"wp:term":[{"taxonomy":"product_brand","embeddable":true,"href":"https:\/\/csgo-trade.net\/pt-pt\/wp-json\/wp\/v2\/product_brand?post=4156"},{"taxonomy":"product_cat","embeddable":true,"href":"https:\/\/csgo-trade.net\/pt-pt\/wp-json\/wp\/v2\/product_cat?post=4156"},{"taxonomy":"product_tag","embeddable":true,"href":"https:\/\/csgo-trade.net\/pt-pt\/wp-json\/wp\/v2\/product_tag?post=4156"}],"curies":[{"name":"wp","href":"https:\/\/api.w.org\/{rel}","templated":true}]}}