{"id":4155,"date":"2022-09-29T16:25:28","date_gmt":"2022-09-29T16:25:28","guid":{"rendered":"https:\/\/skinpoint.r-s.space\/shop\/sport-gloves-pandoras-box\/"},"modified":"2023-04-24T12:01:44","modified_gmt":"2023-04-24T12:01:44","slug":"sport-gloves-pandoras-box","status":"publish","type":"product","link":"https:\/\/csgo-trade.net\/pt-pt\/catalog\/sport-gloves-pandoras-box\/","title":{"rendered":"Luvas Desportivas | Pandora&#8217;s Box"},"content":{"rendered":"<div class=\"annnxlqzhymzaionifjkgzahjj\">\n<p class=\"rymgtnrtbqtxgpyehdjfcapxzy\">A parte superior das luvas \u00e9 feita de tecidos de malha preta e roxa, complementados com inser\u00e7\u00f5es pretas. A parte da palma \u00e9 adornada com um padr\u00e3o abstrato em azul e roxo e refor\u00e7ada com inser\u00e7\u00f5es pretas.<\/p>\n<\/div>\n","protected":false},"excerpt":{"rendered":"<p>A parte superior das luvas \u00e9 feita de tecidos de malha preta e roxa, complementados com inser\u00e7\u00f5es pretas. A parte da palma \u00e9 adornada com um padr\u00e3o abstrato em azul e roxo e refor\u00e7ada com inser\u00e7\u00f5es pretas.<\/p>\n","protected":false},"featured_media":3938,"comment_status":"open","ping_status":"closed","template":"","meta":[],"product_brand":[],"product_cat":[199,208],"product_tag":[268],"class_list":{"0":"post-4155","1":"product","2":"type-product","3":"status-publish","4":"has-post-thumbnail","6":"product_cat-luvas","7":"product_cat-luvas-desportivas","8":"product_tag-extraordinario","9":"pa_all-products-skins","11":"first","12":"instock","13":"shipping-taxable","14":"purchasable","15":"product-type-simple"},"_links":{"self":[{"href":"https:\/\/csgo-trade.net\/pt-pt\/wp-json\/wp\/v2\/product\/4155","targetHints":{"allow":["GET"]}}],"collection":[{"href":"https:\/\/csgo-trade.net\/pt-pt\/wp-json\/wp\/v2\/product"}],"about":[{"href":"https:\/\/csgo-trade.net\/pt-pt\/wp-json\/wp\/v2\/types\/product"}],"replies":[{"embeddable":true,"href":"https:\/\/csgo-trade.net\/pt-pt\/wp-json\/wp\/v2\/comments?post=4155"}],"wp:featuredmedia":[{"embeddable":true,"href":"https:\/\/csgo-trade.net\/pt-pt\/wp-json\/wp\/v2\/media\/3938"}],"wp:attachment":[{"href":"https:\/\/csgo-trade.net\/pt-pt\/wp-json\/wp\/v2\/media?parent=4155"}],"wp:term":[{"taxonomy":"product_brand","embeddable":true,"href":"https:\/\/csgo-trade.net\/pt-pt\/wp-json\/wp\/v2\/product_brand?post=4155"},{"taxonomy":"product_cat","embeddable":true,"href":"https:\/\/csgo-trade.net\/pt-pt\/wp-json\/wp\/v2\/product_cat?post=4155"},{"taxonomy":"product_tag","embeddable":true,"href":"https:\/\/csgo-trade.net\/pt-pt\/wp-json\/wp\/v2\/product_tag?post=4155"}],"curies":[{"name":"wp","href":"https:\/\/api.w.org\/{rel}","templated":true}]}}