{"id":4152,"date":"2022-09-29T16:27:32","date_gmt":"2022-09-29T16:27:32","guid":{"rendered":"https:\/\/csgo-trade.net\/shop\/sport-gloves-superconductor\/"},"modified":"2023-04-24T11:40:16","modified_gmt":"2023-04-24T11:40:16","slug":"sport-gloves-superconductor","status":"publish","type":"product","link":"https:\/\/csgo-trade.net\/pt-pt\/catalog\/sport-gloves-superconductor\/","title":{"rendered":"Luvas Desportivas | Superconductor"},"content":{"rendered":"<div class=\"annnxlqzhymzaionifjkgzahjj\">\n<p class=\"rymgtnrtbqtxgpyehdjfcapxzy\">A parte superior das luvas \u00e9 feita de um tecido cinza texturizado e complementado com inser\u00e7\u00f5es em cinza claro e detalhes em azul claro. A parte da palma \u00e9 feita de tecido cinza escuro adornado com um padr\u00e3o geom\u00e9trico em azul, na forma de uma grade hexagonal, e refor\u00e7ado com inser\u00e7\u00f5es em azul.<\/p>\n<\/div>\n","protected":false},"excerpt":{"rendered":"<p>A parte superior das luvas \u00e9 feita de um tecido cinza texturizado e complementado com inser\u00e7\u00f5es em cinza claro e detalhes em azul claro. A parte da palma \u00e9 feita de tecido cinza escuro adornado com um padr\u00e3o geom\u00e9trico em azul, na forma de uma grade hexagonal, e refor\u00e7ado com inser\u00e7\u00f5es em azul.<\/p>\n","protected":false},"featured_media":3941,"comment_status":"open","ping_status":"closed","template":"","meta":[],"product_brand":[],"product_cat":[199,208],"product_tag":[268],"class_list":{"0":"post-4152","1":"product","2":"type-product","3":"status-publish","4":"has-post-thumbnail","6":"product_cat-luvas","7":"product_cat-luvas-desportivas","8":"product_tag-extraordinario","9":"pa_all-products-skins","11":"first","12":"instock","13":"shipping-taxable","14":"purchasable","15":"product-type-simple"},"_links":{"self":[{"href":"https:\/\/csgo-trade.net\/pt-pt\/wp-json\/wp\/v2\/product\/4152","targetHints":{"allow":["GET"]}}],"collection":[{"href":"https:\/\/csgo-trade.net\/pt-pt\/wp-json\/wp\/v2\/product"}],"about":[{"href":"https:\/\/csgo-trade.net\/pt-pt\/wp-json\/wp\/v2\/types\/product"}],"replies":[{"embeddable":true,"href":"https:\/\/csgo-trade.net\/pt-pt\/wp-json\/wp\/v2\/comments?post=4152"}],"wp:featuredmedia":[{"embeddable":true,"href":"https:\/\/csgo-trade.net\/pt-pt\/wp-json\/wp\/v2\/media\/3941"}],"wp:attachment":[{"href":"https:\/\/csgo-trade.net\/pt-pt\/wp-json\/wp\/v2\/media?parent=4152"}],"wp:term":[{"taxonomy":"product_brand","embeddable":true,"href":"https:\/\/csgo-trade.net\/pt-pt\/wp-json\/wp\/v2\/product_brand?post=4152"},{"taxonomy":"product_cat","embeddable":true,"href":"https:\/\/csgo-trade.net\/pt-pt\/wp-json\/wp\/v2\/product_cat?post=4152"},{"taxonomy":"product_tag","embeddable":true,"href":"https:\/\/csgo-trade.net\/pt-pt\/wp-json\/wp\/v2\/product_tag?post=4152"}],"curies":[{"name":"wp","href":"https:\/\/api.w.org\/{rel}","templated":true}]}}