{"id":4151,"date":"2023-01-16T13:53:34","date_gmt":"2023-01-16T13:53:34","guid":{"rendered":"https:\/\/csgo-trade.net\/shop\/awp-lightning-strike\/"},"modified":"2025-08-21T09:04:42","modified_gmt":"2025-08-21T09:04:42","slug":"awp-lightning-strike","status":"publish","type":"product","link":"https:\/\/csgo-trade.net\/pt-pt\/catalog\/awp-lightning-strike\/","title":{"rendered":"AWP | Lightning Strike"},"content":{"rendered":"<p>De alto risco e alto retorno, a infame AWP \u00e9 reconhecida pelo seu som caracter\u00edstico e pela pol\u00edtica de um tiro, um abate. Ela foi pintada com um motivo de raio usando tintas de efeito de anodiza\u00e7\u00e3o sobre uma base met\u00e1lica.<\/p>\n<p>&nbsp;<\/p>\n","protected":false},"excerpt":{"rendered":"<p>De alto risco e alto retorno, a infame AWP \u00e9 reconhecida pelo seu som caracter\u00edstico e pela pol\u00edtica de um tiro, um abate. Ela foi pintada com um motivo de raio usando tintas de efeito de anodiza\u00e7\u00e3o sobre uma base met\u00e1lica. &nbsp;<\/p>\n","protected":false},"featured_media":3946,"comment_status":"open","ping_status":"closed","template":"","meta":[],"product_brand":[],"product_cat":[248,192],"product_tag":[267],"class_list":{"0":"post-4151","1":"product","2":"type-product","3":"status-publish","4":"has-post-thumbnail","6":"product_cat-awp-pt-pt","7":"product_cat-espingarda","8":"product_tag-secreto","9":"pa_all-products-skins","11":"first","12":"instock","13":"shipping-taxable","14":"purchasable","15":"product-type-simple"},"_links":{"self":[{"href":"https:\/\/csgo-trade.net\/pt-pt\/wp-json\/wp\/v2\/product\/4151","targetHints":{"allow":["GET"]}}],"collection":[{"href":"https:\/\/csgo-trade.net\/pt-pt\/wp-json\/wp\/v2\/product"}],"about":[{"href":"https:\/\/csgo-trade.net\/pt-pt\/wp-json\/wp\/v2\/types\/product"}],"replies":[{"embeddable":true,"href":"https:\/\/csgo-trade.net\/pt-pt\/wp-json\/wp\/v2\/comments?post=4151"}],"wp:featuredmedia":[{"embeddable":true,"href":"https:\/\/csgo-trade.net\/pt-pt\/wp-json\/wp\/v2\/media\/3946"}],"wp:attachment":[{"href":"https:\/\/csgo-trade.net\/pt-pt\/wp-json\/wp\/v2\/media?parent=4151"}],"wp:term":[{"taxonomy":"product_brand","embeddable":true,"href":"https:\/\/csgo-trade.net\/pt-pt\/wp-json\/wp\/v2\/product_brand?post=4151"},{"taxonomy":"product_cat","embeddable":true,"href":"https:\/\/csgo-trade.net\/pt-pt\/wp-json\/wp\/v2\/product_cat?post=4151"},{"taxonomy":"product_tag","embeddable":true,"href":"https:\/\/csgo-trade.net\/pt-pt\/wp-json\/wp\/v2\/product_tag?post=4151"}],"curies":[{"name":"wp","href":"https:\/\/api.w.org\/{rel}","templated":true}]}}