{"id":4147,"date":"2023-01-16T14:04:34","date_gmt":"2023-01-16T14:04:34","guid":{"rendered":"https:\/\/csgo-trade.net\/shop\/p250-asiimov\/"},"modified":"2025-08-21T09:04:57","modified_gmt":"2025-08-21T09:04:57","slug":"p250-asiimov","status":"publish","type":"product","link":"https:\/\/csgo-trade.net\/pt-pt\/catalog\/p250-asiimov\/","title":{"rendered":"P250 | Asiimov"},"content":{"rendered":"<p>Uma arma de fogo de baixo recuo com alta cad\u00eancia de tiro, a P250 \u00e9 uma escolha relativamente barata contra oponentes blindados. Foi pintado de forma personalizada com um design de fic\u00e7\u00e3o cient\u00edfica.<\/p>\n","protected":false},"excerpt":{"rendered":"<p>Uma arma de fogo de baixo recuo com alta cad\u00eancia de tiro, a P250 \u00e9 uma escolha relativamente barata contra oponentes blindados. Foi pintado de forma personalizada com um design de fic\u00e7\u00e3o cient\u00edfica.<\/p>\n","protected":false},"featured_media":3955,"comment_status":"open","ping_status":"closed","template":"","meta":[],"product_brand":[],"product_cat":[243,236],"product_tag":[265],"class_list":{"0":"post-4147","1":"product","2":"type-product","3":"status-publish","4":"has-post-thumbnail","6":"product_cat-p250-pt-pt","7":"product_cat-pistolas","8":"product_tag-confidencial","9":"pa_all-products-skins","11":"first","12":"instock","13":"shipping-taxable","14":"purchasable","15":"product-type-simple"},"_links":{"self":[{"href":"https:\/\/csgo-trade.net\/pt-pt\/wp-json\/wp\/v2\/product\/4147","targetHints":{"allow":["GET"]}}],"collection":[{"href":"https:\/\/csgo-trade.net\/pt-pt\/wp-json\/wp\/v2\/product"}],"about":[{"href":"https:\/\/csgo-trade.net\/pt-pt\/wp-json\/wp\/v2\/types\/product"}],"replies":[{"embeddable":true,"href":"https:\/\/csgo-trade.net\/pt-pt\/wp-json\/wp\/v2\/comments?post=4147"}],"wp:featuredmedia":[{"embeddable":true,"href":"https:\/\/csgo-trade.net\/pt-pt\/wp-json\/wp\/v2\/media\/3955"}],"wp:attachment":[{"href":"https:\/\/csgo-trade.net\/pt-pt\/wp-json\/wp\/v2\/media?parent=4147"}],"wp:term":[{"taxonomy":"product_brand","embeddable":true,"href":"https:\/\/csgo-trade.net\/pt-pt\/wp-json\/wp\/v2\/product_brand?post=4147"},{"taxonomy":"product_cat","embeddable":true,"href":"https:\/\/csgo-trade.net\/pt-pt\/wp-json\/wp\/v2\/product_cat?post=4147"},{"taxonomy":"product_tag","embeddable":true,"href":"https:\/\/csgo-trade.net\/pt-pt\/wp-json\/wp\/v2\/product_tag?post=4147"}],"curies":[{"name":"wp","href":"https:\/\/api.w.org\/{rel}","templated":true}]}}