{"id":4146,"date":"2023-01-16T14:07:31","date_gmt":"2023-01-16T14:07:31","guid":{"rendered":"https:\/\/csgo-trade.net\/shop\/pistol-light-rail\/"},"modified":"2023-04-26T11:05:31","modified_gmt":"2023-04-26T11:05:31","slug":"pistol-light-rail","status":"publish","type":"product","link":"https:\/\/csgo-trade.net\/pt-pt\/catalog\/pistol-light-rail\/","title":{"rendered":"Desert Eagle | Light Rail"},"content":{"rendered":"<p>T\u00e3o cara quanto poderosa, a Desert Eagle \u00e9 uma pistola ic\u00f4nica dif\u00edcil de dominar, mas surpreendentemente precisa a longa dist\u00e2ncia. Sua pintura personalizada cria uma ilus\u00e3o de \u00f3tica e parece mudar a geometria da arma.<\/p>\n","protected":false},"excerpt":{"rendered":"<p>T\u00e3o cara quanto poderosa, a Desert Eagle \u00e9 uma pistola ic\u00f4nica dif\u00edcil de dominar, mas surpreendentemente precisa a longa dist\u00e2ncia. Sua pintura personalizada cria uma ilus\u00e3o de \u00f3tica e parece mudar a geometria da arma.<\/p>\n","protected":false},"featured_media":3958,"comment_status":"open","ping_status":"closed","template":"","meta":[],"product_brand":[],"product_cat":[238,236],"product_tag":[270],"class_list":{"0":"post-4146","1":"product","2":"type-product","3":"status-publish","4":"has-post-thumbnail","6":"product_cat-desert-eagle-pt-pt","7":"product_cat-pistolas","8":"product_tag-restrito","9":"pa_all-products-skins","11":"first","12":"instock","13":"shipping-taxable","14":"purchasable","15":"product-type-simple"},"_links":{"self":[{"href":"https:\/\/csgo-trade.net\/pt-pt\/wp-json\/wp\/v2\/product\/4146","targetHints":{"allow":["GET"]}}],"collection":[{"href":"https:\/\/csgo-trade.net\/pt-pt\/wp-json\/wp\/v2\/product"}],"about":[{"href":"https:\/\/csgo-trade.net\/pt-pt\/wp-json\/wp\/v2\/types\/product"}],"replies":[{"embeddable":true,"href":"https:\/\/csgo-trade.net\/pt-pt\/wp-json\/wp\/v2\/comments?post=4146"}],"wp:featuredmedia":[{"embeddable":true,"href":"https:\/\/csgo-trade.net\/pt-pt\/wp-json\/wp\/v2\/media\/3958"}],"wp:attachment":[{"href":"https:\/\/csgo-trade.net\/pt-pt\/wp-json\/wp\/v2\/media?parent=4146"}],"wp:term":[{"taxonomy":"product_brand","embeddable":true,"href":"https:\/\/csgo-trade.net\/pt-pt\/wp-json\/wp\/v2\/product_brand?post=4146"},{"taxonomy":"product_cat","embeddable":true,"href":"https:\/\/csgo-trade.net\/pt-pt\/wp-json\/wp\/v2\/product_cat?post=4146"},{"taxonomy":"product_tag","embeddable":true,"href":"https:\/\/csgo-trade.net\/pt-pt\/wp-json\/wp\/v2\/product_tag?post=4146"}],"curies":[{"name":"wp","href":"https:\/\/api.w.org\/{rel}","templated":true}]}}