{"id":4103,"date":"2023-01-16T14:09:41","date_gmt":"2023-01-16T14:09:41","guid":{"rendered":"https:\/\/csgo-trade.net\/shop\/dual-berettas-briar\/"},"modified":"2025-08-21T09:04:43","modified_gmt":"2025-08-21T09:04:43","slug":"dual-berettas-briar","status":"publish","type":"product","link":"https:\/\/csgo-trade.net\/pt-pt\/catalog\/dual-berettas-briar\/","title":{"rendered":"Dual Berettas | Briar"},"content":{"rendered":"<p>Disparar duas Berettas de grande porte ao mesmo tempo diminuir\u00e1 a precis\u00e3o e aumentar\u00e1 o tempo de carregamento. Pelo lado positivo, voc\u00ea poder\u00e1 disparar duas Berettas grandes de uma s\u00f3 vez. Foi pintado com um hidrogr\u00e1fico de trepadeiras e flores.<\/p>\n","protected":false},"excerpt":{"rendered":"<p>Disparar duas Berettas de grande porte ao mesmo tempo diminuir\u00e1 a precis\u00e3o e aumentar\u00e1 o tempo de carregamento. Pelo lado positivo, voc\u00ea poder\u00e1 disparar duas Berettas grandes de uma s\u00f3 vez. Foi pintado com um hidrogr\u00e1fico de trepadeiras e flores.<\/p>\n","protected":false},"featured_media":3961,"comment_status":"open","ping_status":"closed","template":"","meta":[],"product_brand":[],"product_cat":[239,236],"product_tag":[266],"class_list":{"0":"post-4103","1":"product","2":"type-product","3":"status-publish","4":"has-post-thumbnail","6":"product_cat-dual-berettas-pt-pt","7":"product_cat-pistolas","8":"product_tag-padrao-domestico","9":"pa_all-products-skins","11":"first","12":"instock","13":"shipping-taxable","14":"purchasable","15":"product-type-simple"},"_links":{"self":[{"href":"https:\/\/csgo-trade.net\/pt-pt\/wp-json\/wp\/v2\/product\/4103","targetHints":{"allow":["GET"]}}],"collection":[{"href":"https:\/\/csgo-trade.net\/pt-pt\/wp-json\/wp\/v2\/product"}],"about":[{"href":"https:\/\/csgo-trade.net\/pt-pt\/wp-json\/wp\/v2\/types\/product"}],"replies":[{"embeddable":true,"href":"https:\/\/csgo-trade.net\/pt-pt\/wp-json\/wp\/v2\/comments?post=4103"}],"wp:featuredmedia":[{"embeddable":true,"href":"https:\/\/csgo-trade.net\/pt-pt\/wp-json\/wp\/v2\/media\/3961"}],"wp:attachment":[{"href":"https:\/\/csgo-trade.net\/pt-pt\/wp-json\/wp\/v2\/media?parent=4103"}],"wp:term":[{"taxonomy":"product_brand","embeddable":true,"href":"https:\/\/csgo-trade.net\/pt-pt\/wp-json\/wp\/v2\/product_brand?post=4103"},{"taxonomy":"product_cat","embeddable":true,"href":"https:\/\/csgo-trade.net\/pt-pt\/wp-json\/wp\/v2\/product_cat?post=4103"},{"taxonomy":"product_tag","embeddable":true,"href":"https:\/\/csgo-trade.net\/pt-pt\/wp-json\/wp\/v2\/product_tag?post=4103"}],"curies":[{"name":"wp","href":"https:\/\/api.w.org\/{rel}","templated":true}]}}