{"id":4020,"date":"2022-09-08T16:18:08","date_gmt":"2022-09-08T16:18:08","guid":{"rendered":"https:\/\/csgo-trade.net\/politica-de-privacidade\/"},"modified":"2023-06-13T11:39:53","modified_gmt":"2023-06-13T11:39:53","slug":"politica-de-privacidade","status":"publish","type":"page","link":"https:\/\/csgo-trade.net\/pt-pt\/politica-de-privacidade\/","title":{"rendered":"Pol\u00edtica de Privacidade"},"content":{"rendered":"\n<h2 class=\"wp-block-heading has-text-align-center\">Pol\u00edtica de Privacidade<\/h2>\n\n\n\n<p>Vers\u00e3o: 16\/05\/2023<\/p>\n\n\n\n<h4 class=\"wp-block-heading\">1. Introdu\u00e7\u00e3o<\/h4>\n\n\n\n<p>Esta Pol\u00edtica de Privacidade explica como a Empresa recolhe, utiliza, mant\u00e9m e protege os Dados Pessoais que o Utilizador possa fornecer ao visitar este Website. A Empresa atua na qualidade de respons\u00e1vel pelo tratamento de dados nos termos do Regulamento UE 2016\/679, determinando os prop\u00f3sitos e os meios de processamento dos seus dados pessoais. Apenas recolheremos e utilizaremos Dados Pessoais das formas descritas nesta Pol\u00edtica de Privacidade e de acordo com as Nossas obriga\u00e7\u00f5es legais e os Seus direitos.<\/p>\n\n\n\n<p>Por favor, leia atentamente esta Pol\u00edtica de Privacidade para compreender como N\u00f3s recolhemos, utilizamos, protegemos ou processamos os Seus Dados Pessoais relacionados com a sua utiliza\u00e7\u00e3o deste Website. Se n\u00e3o concordar com as Nossas Pol\u00edticas, por favor n\u00e3o utilize este Website. Ao aceder ou utilizar este Website, est\u00e1 a concordar com esta Pol\u00edtica de Privacidade.<\/p>\n\n\n\n<h4 class=\"wp-block-heading\">2. Defini\u00e7\u00f5es e interpreta\u00e7\u00f5es<\/h4>\n\n\n\n<p>Nesta Pol\u00edtica de Privacidade, utilizamos, entre outros, os seguintes termos:<\/p>\n\n\n\n<ul class=\"wp-block-list\">\n<li>Conta Pessoal:<\/li>\n<\/ul>\n\n\n\n<p>Conta criada por Si para utilizar as funcionalidades do Servi\u00e7o e\/ou Produto ou partes do Servi\u00e7o e\/ou Produto.&nbsp; &nbsp;<\/p>\n\n\n\n<ul class=\"wp-block-list\">\n<li>Empresa: (&#8220;a Empresa&#8221;, &#8220;n\u00f3s&#8221;, &#8220;nosso&#8221; ou &#8220;nossos&#8221;).<\/li>\n<\/ul>\n\n\n\n<ul class=\"wp-block-list\">\n<li>Cookies HTTP:<\/li>\n<\/ul>\n\n\n\n<p>\u00c9 um conjunto de dados do Website, que \u00e9 armazenado dentro de um navegador da internet, e que o Website pode recolher posteriormente.<\/p>\n\n\n\n<ul class=\"wp-block-list\">\n<li>Google Analytics:<\/li>\n<\/ul>\n\n\n\n<p>\u00c9 um servi\u00e7o de an\u00e1lise da web fornecido pela Google Inc.&nbsp;<\/p>\n\n\n\n<ul class=\"wp-block-list\">\n<li>Servi\u00e7o(s):<\/li>\n<\/ul>\n\n\n\n<p>Estas s\u00e3o todas as fun\u00e7\u00f5es dispon\u00edveis no Website e fornecidas a Si pela Empresa.<\/p>\n\n\n\n<ul class=\"wp-block-list\">\n<li>Dados Pessoais (&#8220;dados&#8221;, &#8220;informa\u00e7\u00f5es&#8221;):<\/li>\n<\/ul>\n\n\n\n<p>S\u00e3o quaisquer informa\u00e7\u00f5es relacionadas com uma pessoa espec\u00edfica. Isto pode incluir informa\u00e7\u00f5es que possam ser usadas para identificar diretamente ou indiretamente essa pessoa, tais como nome, n\u00famero de identifica\u00e7\u00e3o, dados de localiza\u00e7\u00e3o, identificador online ou outras caracter\u00edsticas \u00fanicas que definem a sua identidade f\u00edsica, fisiol\u00f3gica, gen\u00e9tica, mental, econ\u00f3mica, cultural ou social. Por outras palavras, dados pessoais s\u00e3o quaisquer informa\u00e7\u00f5es que possam ser vinculadas a uma pessoa espec\u00edfica.<\/p>\n\n\n\n<p>Respons\u00e1vel pelo Controlo de Dados Pessoais refere-se \u00e0 Empresa e\/ou a qualquer pessoa f\u00edsica, ou jur\u00eddica que processe os seus dados pessoais em nome da Empresa. Refere-se a empresas de terceiros ou indiv\u00edduos contratados pela Empresa para facilitar o Servi\u00e7o, para fornecer o Servi\u00e7o em nome da Empresa, para executar servi\u00e7os relacionados com o Servi\u00e7o ou para ajudar a Empresa a analisar como o Servi\u00e7o \u00e9 usado.<\/p>\n\n\n\n<ul class=\"wp-block-list\">\n<li>Produto(s):<\/li>\n<\/ul>\n\n\n\n<p>Trata-se dos itens, bens e\/ou servi\u00e7os digitais exibidos, listados e\/ou fornecidos pelo vendedor para venda atrav\u00e9s, ou no site.<\/p>\n\n\n\n<ul class=\"wp-block-list\">\n<li>Dados de Utiliza\u00e7\u00e3o:<\/li>\n<\/ul>\n\n\n\n<p>S\u00e3o dados que s\u00e3o recolhidos automaticamente quando o Servi\u00e7o \u00e9 usado ou quando a pr\u00f3pria infraestrutura do Servi\u00e7o \u00e9 usada. Estes dados podem incluir informa\u00e7\u00f5es como a dura\u00e7\u00e3o de uma visita \u00e0 p\u00e1gina. S\u00e3o gerados automaticamente e n\u00e3o requerem qualquer input direto do utilizador.<\/p>\n\n\n\n<ul class=\"wp-block-list\">\n<li>Website:<\/li>\n<\/ul>\n\n\n\n<p>\u00c9 o site <a href=\"http:\/\/csgo-trade.net\">csgo-trade.net<\/a>.<\/p>\n\n\n\n<ul class=\"wp-block-list\">\n<li>Voc\u00ea (&#8220;Seu&#8221;, &#8220;Seus&#8221;, &#8220;Sua&#8221;, &#8220;Suas&#8221;, &#8220;Si&#8221;)<\/li>\n<\/ul>\n\n\n\n<p>Refere-se \u00e0 pessoa que est\u00e1 a aceder ou utilizar o Website. Essa pessoa deve ter no m\u00ednimo 18 anos de idade e concordar com os termos da Pol\u00edtica de Privacidade.<\/p>\n\n\n\n<h4 class=\"wp-block-heading\">3. Dados Pessoais que Recolhemos sobre Si<\/h4>\n\n\n\n<p>Que Dados Pessoais podemos recolher sobre si?<\/p>\n\n\n\n<p>\u00c0 medida que utiliza os Nossos Servi\u00e7os, podemos solicitar que nos forne\u00e7a Dados Pessoais, tais como o Seu nome, apelido, endere\u00e7o de e-mail e estado. Essas informa\u00e7\u00f5es s\u00e3o usadas para podermos entrar em contacto ou identific\u00e1-lo e s\u00e3o necess\u00e1rias para lhe fornecer toda a gama de Servi\u00e7os e\/ou Produtos oferecidos no Nosso Website.<\/p>\n\n\n\n<p>N\u00e3o recolhemos quaisquer Dados Pessoais relativos a crian\u00e7as. Os nossos Servi\u00e7os e\/ou Produtos n\u00e3o se destinam a crian\u00e7as menores de 18 anos, e pedimos que os menores n\u00e3o nos forne\u00e7am quaisquer Dados Pessoais. Al\u00e9m disso, n\u00e3o recolhemos quaisquer dados pessoais relacionados com condena\u00e7\u00f5es ou infra\u00e7\u00f5es penais.<\/p>\n\n\n\n<p>Como Podemos Recolher os Seus Dados Pessoais?<\/p>\n\n\n\n<p>Recolhemos informa\u00e7\u00f5es online solicitando-as quando Voc\u00ea encomenda o(s) Servi\u00e7o(s) e\/ou o(s) Produto(s).<\/p>\n\n\n\n<p>Cookies: podemos usar cookies e outra tecnologia semelhante para recolher informa\u00e7\u00f5es sobre as Suas visitas aos Nossos websites ou as Suas respostas aos Nossos emails. Essas informa\u00e7\u00f5es podem ser recolhidas individualmente ou em dados agregados que n\u00e3o o permitem identificar pessoalmente. Esses dados ajudam-nos a entender quais as \u00e1reas dos nossos websites e emails que s\u00e3o mais interessantes para Si, para podermos melhorar a qualidade e utilidade do Nosso Website.<\/p>\n\n\n\n<p>M\u00e9todo de Pagamento: Ao comprar os nossos produtos, poder\u00e1 ser-lhe solicitado que forne\u00e7a Dados Pessoais, dependendo do m\u00e9todo de pagamento escolhido. Por exemplo, se pagar com cart\u00e3o de cr\u00e9dito, precisaremos do nome do emissor do Seu cart\u00e3o de cr\u00e9dito, n\u00famero do cart\u00e3o de cr\u00e9dito, endere\u00e7o de cobran\u00e7a, n\u00famero CVV e data de validade do cart\u00e3o de cr\u00e9dito.<\/p>\n\n\n\n<p>Ficheiros de log: Ao utilizar o Nosso Website, os Nossos servidores podem registar automaticamente certas informa\u00e7\u00f5es enviadas pelo Seu navegador de internet. Estes registos do servidor podem incluir o Seu pedido da Web, endere\u00e7o de IP, tipo de navegador e as p\u00e1ginas que visita no nosso Website. Podem tamb\u00e9m incluir informa\u00e7\u00f5es sobre os links em que clica e como interage com eles, os nomes de dom\u00ednio e as p\u00e1ginas de destino a que acede, e outros detalhes sobre a Sua visita.<\/p>\n\n\n\n<p>Informa\u00e7\u00f5es de Geolocaliza\u00e7\u00e3o: Quando utiliza o Nosso Website atrav\u00e9s dum dispositivo m\u00f3vel, podemos aceder, recolher e armazenar dados de localiza\u00e7\u00e3o, tais como coordenadas GPS, ou informa\u00e7\u00f5es semelhantes sobre a localiza\u00e7\u00e3o do seu dispositivo. Estes dados s\u00e3o utilizados para melhorar a funcionalidade e o desempenho do Nosso Website.<\/p>\n\n\n\n<h4 class=\"wp-block-heading\">4. Utiliza\u00e7\u00e3o dos seus Dados Pessoais<\/h4>\n\n\n\n<p>Como utilizamos os seus Dados Pessoais?<\/p>\n\n\n\n<p>Utilizamos principalmente Dados Pessoais que recolhemos online para lhe fornecer os Servi\u00e7os e\/ou Produtos que encomendou e para o informar sobre outras ofertas que possam ser do Seu interesse. Por exemplo, as informa\u00e7\u00f5es de endere\u00e7o de e-mail, permitem a comunica\u00e7\u00e3o sobre Servi\u00e7os e\/ou Produtos encomendados, bem como o adequado fornecimento e fatura\u00e7\u00e3o desses servi\u00e7os e\/ou produtos. A qualquer momento, caso opte por n\u00e3o querer receber comunica\u00e7\u00f5es futuras, s\u00e3o dadas op\u00e7\u00f5es para excluir este tipo de comunica\u00e7\u00e3o. Tamb\u00e9m poderemos fornecer registos on-line, que permitam a identifica\u00e7\u00e3o do utilizador, em resposta a intima\u00e7\u00f5es e outros pedidos legais, e quando acreditamos que a divulga\u00e7\u00e3o dessas informa\u00e7\u00f5es \u00e9 necess\u00e1ria para identificar, entrar em contacto ou mover a\u00e7\u00f5es legais contra indiv\u00edduos que possam estar a colocar em risco a seguran\u00e7a p\u00fablica ou a interferir nos Nossos Servi\u00e7os, ou no uso deles por parte dos Nossos clientes.<\/p>\n\n\n\n<p>Utiliza\u00e7\u00e3o do Google Analytics<\/p>\n\n\n\n<p>Este Website utiliza o Google Analytics para recolher e analisar dados sobre o comportamento dos visitantes do Nosso Website. Este servi\u00e7o de an\u00e1lise da web re\u00fane informa\u00e7\u00f5es sobre os websites que o encaminham para N\u00f3s, as p\u00e1ginas que visita no Nosso Website, e quanto tempo passa em cada p\u00e1gina. Esta informa\u00e7\u00e3o \u00e9 utilizada para otimizar o Nosso Website e para compreender a efic\u00e1cia da nossa publicidade online.<\/p>\n\n\n\n<p>O Google Analytics utiliza um cookie, que \u00e9 um pequeno conjunto de dados armazenados no Seu computador, para rastrear a sua utiliza\u00e7\u00e3o do nosso Website. Quando acede a uma das Nossas p\u00e1ginas, o Seu navegador envia automaticamente dados para o Google Analytics, que os utiliza para gerar relat\u00f3rios e melhorar os Nossos Servi\u00e7os. Estes dados podem incluir o endere\u00e7o IP do Utilizador, a localiza\u00e7\u00e3o e a frequ\u00eancia das Suas visitas ao Nosso Website.<\/p>\n\n\n\n<p>As informa\u00e7\u00f5es pessoais recolhidas pelo Google Analytics s\u00e3o armazenadas em servidores localizados na Uni\u00e3o Europeia e poder\u00e3o ser partilhadas com terceiros. Ao utilizar o Nosso Website, Voc\u00ea concorda com o processamento dos Seus dados pela Google da maneira e para os fins descritos acima.<\/p>\n\n\n\n<p>Termos de utiliza\u00e7\u00e3o: <a href=\"https:\/\/policies.google.com\/terms?hl=en\">https:\/\/policies.google.com\/terms?hl=en<\/a><\/p>\n\n\n\n<p>Pol\u00edtica de privacidade: <a href=\"https:\/\/policies.google.com\/privacy?hl=en\">https:\/\/policies.google.com\/privacy?hl=en<\/a><\/p>\n\n\n\n<h4 class=\"wp-block-heading\"><strong><strong><strong><strong><strong>5. Os Seus Direitos<\/strong><\/strong><\/strong><\/strong><\/strong><\/h4>\n\n\n\n<p>Ao abrigo do Regulamento UE 2016\/679, pode exercer os seguintes direitos relativamente aos seus Dados Pessoais:<\/p>\n\n\n\n<p>Acesso. Tem o direito de obter da nossa parte a confirma\u00e7\u00e3o de que os seus Dados Pessoais est\u00e3o a ser processados e determinadas informa\u00e7\u00f5es a este respeito.<\/p>\n\n\n\n<p>Retifica\u00e7\u00e3o. Tem o direito de solicitar a retifica\u00e7\u00e3o de Dados Pessoais incorretos e de ter dados que estejam incompletos, completados.<\/p>\n\n\n\n<p>Obje\u00e7\u00e3o. Tem o direito, de se opor ao tratamento dos Seus Dados Pessoais por motivos relacionados com a Sua situa\u00e7\u00e3o particular, exceto nos casos em que as disposi\u00e7\u00f5es legais prevejam expressamente esse processamento.<\/p>\n\n\n\n<p>Limita\u00e7\u00e3o. Tem o direito de solicitar a limita\u00e7\u00e3o do processamento dos seus Dados Pessoais se: a) contestar a sua exatid\u00e3o \u2013 pelo per\u00edodo necess\u00e1rio para verificar a sua solicita\u00e7\u00e3o; b) o processamento \u00e9 ilegal e se op\u00f5e \u00e0 sua exclus\u00e3o, solicitando a limita\u00e7\u00e3o em vez disso; c) n\u00e3o precisarmos mais deles, mas nos informar que necessita deles para estabelecer, exercer ou defender uma reivindica\u00e7\u00e3o legal; ou d) se opuser ao processamento com base no interesse p\u00fablico ou leg\u00edtimo \u2013 pelo per\u00edodo necess\u00e1rio para verificar a sua solicita\u00e7\u00e3o. &nbsp;<\/p>\n\n\n\n<p>Apagamento. Pode solicitar o apagamento dos seus Dados Pessoais se n\u00e3o forem mais necess\u00e1rios para os fins para os quais os recolhidos, se tiver retirado o seu consentimento e se n\u00e3o existir outro fundamento jur\u00eddico para o tratamento, se se tiver oposto ao processamento e n\u00e3o houver motivos leg\u00edtimos prevalecentes para o tratamento, se o tratamento for ilegal ou se o apagamento for necess\u00e1rio para cumprir uma obriga\u00e7\u00e3o legal.<\/p>\n\n\n\n<p>O direito de recusar ou retirar o consentimento. Por favor, note que, caso solicitemos o seu consentimento para determinado processamento, tem o direito de recusar dar consentimento e pode retirar o seu consentimento a qualquer momento sem qualquer consequ\u00eancia negativa adversa. A legalidade de qualquer tratamento dos seus Dados Pessoais que ocorreu antes da retirada do seu consentimento n\u00e3o ser\u00e1 afetada.<\/p>\n\n\n\n<p>Direito de apresentar reclama\u00e7\u00e3o. Tem tamb\u00e9m o direito de apresentar uma reclama\u00e7\u00e3o a uma autoridade de supervis\u00e3o, em particular no Estado-Membro da UE da sua resid\u00eancia, ou no local onde o problema objeto da reclama\u00e7\u00e3o ocorreu.<\/p>\n\n\n\n<h4 class=\"wp-block-heading\"><strong><strong><strong><strong><strong><strong>6. Seguran\u00e7a dos Seus Dados Pessoais<\/strong><\/strong><\/strong><\/strong><\/strong><\/strong><\/h4>\n\n\n\n<p>Levamos muito a s\u00e9rio a seguran\u00e7a dos seus Dados Pessoais e estamos empenhados em proteger as informa\u00e7\u00f5es que recolhemos de Si. Usamos medidas de seguran\u00e7a para evitar a perda, utiliza\u00e7\u00e3o indevida e altera\u00e7\u00e3o dos seus Dados Pessoais na nossa posse.<\/p>\n\n\n\n<p>Esfor\u00e7\u00e1mo-nos para garantir a confidencialidade e integridade dos seus Dados Pessoais e tomaremos as medidas adequadas para os proteger contra o acesso ou divulga\u00e7\u00e3o n\u00e3o autorizada. No entanto, nenhuma transmiss\u00e3o de dados atrav\u00e9s da internet ou sistema de armazenamento de dados pode ser garantida como 100% segura, pelo que n\u00e3o podemos garantir a seguran\u00e7a absoluta dos seus Dados Pessoais.<\/p>\n\n\n\n<p>Se tiver alguma d\u00favida sobre a seguran\u00e7a dos seus Dados Pessoais, entre em contacto connosco e faremos o Nosso melhor para atender \u00e0s Suas preocupa\u00e7\u00f5es.<\/p>\n\n\n\n<h4 class=\"wp-block-heading\">7. Reten\u00e7\u00e3o e Elimina\u00e7\u00e3o dos Seus Dados Pessoais<\/h4>\n\n\n\n<p>Apenas iremos reter os Seus dados durante o tempo necess\u00e1rio para cumprir as finalidades descritas nesta Pol\u00edtica de Privacidade. Isto pode incluir a reten\u00e7\u00e3o dos seus Dados Pessoais para cumprir obriga\u00e7\u00f5es legais, resolver disputas e fazer cumprir os Nossos acordos e pol\u00edticas legais.<\/p>\n\n\n\n<p>Al\u00e9m disso, podemos reter os seus Dados Pessoais para fins de an\u00e1lise interna e pesquisa. Assim que os seus dados deixarem de ser necess\u00e1rios para estes fins, ser\u00e3o eliminados ou destru\u00eddos de forma segura de acordo com as leis e regulamentos aplic\u00e1veis.<\/p>\n\n\n\n<p>Tem o direito de solicitar a elimina\u00e7\u00e3o dos seus Dados Pessoais recolhidos por N\u00f3s. Pode faz\u00ea-lo iniciando sess\u00e3o na Sua conta e apagando ou atualizando as Suas informa\u00e7\u00f5es. Em alternativa, pode contactar-nos e solicitar assist\u00eancia para eliminar os Seus dados.<\/p>\n\n\n\n<p>Tenha em aten\u00e7\u00e3o que, em alguns casos, podemos ser obrigados por lei, ou ter uma raz\u00e3o leg\u00edtima para manter algumas das suas informa\u00e7\u00f5es pessoais, mesmo ap\u00f3s ter solicitado a sua elimina\u00e7\u00e3o. Nestes casos, apenas manteremos a quantidade m\u00ednima de dados necess\u00e1ria para cumprir as Nossas obriga\u00e7\u00f5es legais ou interesses leg\u00edtimos.<\/p>\n\n\n\n<h4 class=\"wp-block-heading\"><strong><strong><strong><strong><strong><strong><strong>8. Atualiza\u00e7\u00f5es a esta Pol\u00edtica de Privacidade<\/strong><\/strong><\/strong><\/strong><\/strong><\/strong><\/strong><\/h4>\n\n\n\n<p>Podemos ocasionalmente atualizar esta Pol\u00edtica de Privacidade e iremos notific\u00e1-lo de quaisquer altera\u00e7\u00f5es significativas publicando a nova Pol\u00edtica de Privacidade nesta p\u00e1gina. A data na parte superior da Pol\u00edtica de Privacidade ser\u00e1 atualizada para refletir a data das altera\u00e7\u00f5es mais recentes.<\/p>\n\n\n\n<p>Encorajamo-lo a rever esta Pol\u00edtica de Privacidade periodicamente para se manter informado sobre como estamos a proteger os seus dados pessoais que recolhemos. A vers\u00e3o mais recente da pol\u00edtica estar\u00e1 sempre dispon\u00edvel nesta p\u00e1gina.<\/p>\n\n\n\n<h4 class=\"wp-block-heading\"><strong><strong><strong><strong><strong><strong><strong><strong>9. Entre em Contacto Connosco<\/strong><\/strong><\/strong><\/strong><\/strong><\/strong><\/strong><\/strong><\/h4>\n\n\n\n<p>Se tiver alguma d\u00favida sobre esta Pol\u00edtica de Privacidade, ou se quiser fazer uma reclama\u00e7\u00e3o, pode entrar em contacto connosco por e-mail para <a href=\"mailto:info@csgo-trade.net\">info@csgo-trade.net<\/a> ou visitando o Nosso Website em <a rel=\"noreferrer noopener\" href=\"http:\/\/csgo-trade.net\/\" target=\"_blank\">csgo-trade.net<\/a>. Responderemos \u00e0s Suas perguntas o mais rapidamente poss\u00edvel e faremos o nosso melhor para atender \u00e0s Suas preocupa\u00e7\u00f5es e resolver quaisquer problemas que possa ter.<\/p>\n\n\n\n<p><\/p>\n","protected":false},"excerpt":{"rendered":"<p>Pol\u00edtica de Privacidade Vers\u00e3o: 16\/05\/2023 1. Introdu\u00e7\u00e3o Esta Pol\u00edtica de Privacidade explica como a Empresa recolhe, utiliza, mant\u00e9m e protege os Dados Pessoais que o Utilizador possa fornecer ao visitar este Website. A Empresa atua na qualidade de respons\u00e1vel pelo tratamento de dados nos termos do Regulamento UE 2016\/679, determinando os prop\u00f3sitos e os meios [&#8230;]\n","protected":false},"author":1,"featured_media":0,"parent":0,"menu_order":0,"comment_status":"closed","ping_status":"open","template":"","meta":{"footnotes":""},"class_list":["post-4020","page","type-page","status-publish","hentry"],"_links":{"self":[{"href":"https:\/\/csgo-trade.net\/pt-pt\/wp-json\/wp\/v2\/pages\/4020","targetHints":{"allow":["GET"]}}],"collection":[{"href":"https:\/\/csgo-trade.net\/pt-pt\/wp-json\/wp\/v2\/pages"}],"about":[{"href":"https:\/\/csgo-trade.net\/pt-pt\/wp-json\/wp\/v2\/types\/page"}],"author":[{"embeddable":true,"href":"https:\/\/csgo-trade.net\/pt-pt\/wp-json\/wp\/v2\/users\/1"}],"replies":[{"embeddable":true,"href":"https:\/\/csgo-trade.net\/pt-pt\/wp-json\/wp\/v2\/comments?post=4020"}],"version-history":[{"count":2,"href":"https:\/\/csgo-trade.net\/pt-pt\/wp-json\/wp\/v2\/pages\/4020\/revisions"}],"predecessor-version":[{"id":6374,"href":"https:\/\/csgo-trade.net\/pt-pt\/wp-json\/wp\/v2\/pages\/4020\/revisions\/6374"}],"wp:attachment":[{"href":"https:\/\/csgo-trade.net\/pt-pt\/wp-json\/wp\/v2\/media?parent=4020"}],"curies":[{"name":"wp","href":"https:\/\/api.w.org\/{rel}","templated":true}]}}