{"id":4005,"date":"2022-09-22T11:19:39","date_gmt":"2022-09-22T11:19:39","guid":{"rendered":"https:\/\/csgo-trade.net\/politica-de-entrega-e-reembolso\/"},"modified":"2023-06-12T13:05:05","modified_gmt":"2023-06-12T13:05:05","slug":"politica-de-entrega-e-reembolso","status":"publish","type":"page","link":"https:\/\/csgo-trade.net\/pt-pt\/politica-de-entrega-e-reembolso\/","title":{"rendered":"Pol\u00edtica de entrega e reembolso"},"content":{"rendered":"\n<h2 class=\"wp-block-heading has-text-align-center\">Pol\u00edtica de Entrega e Reembolso<\/h2>\n\n\n\n<p>Vers\u00e3o: 16\/05\/2023<\/p>\n\n\n\n<p>Antes de utilizar o(s) nosso(s) Servi\u00e7o(s), leia atentamente esta Pol\u00edtica de Entrega e Reembolso.<\/p>\n\n\n\n<h4 class=\"wp-block-heading\"><strong>1. <\/strong>Defini\u00e7\u00f5es e interpreta\u00e7\u00f5es<\/h4>\n\n\n\n<p>Nesta Pol\u00edtica de Entrega e Reembolso, utilizamos, entre outros, os seguintes termos:<\/p>\n\n\n\n<ul class=\"wp-block-list\">\n<li>Conta:<\/li>\n<\/ul>\n\n\n\n<p>Conta criada por Si para utilizar as funcionalidades do Servi\u00e7o e\/ou Produto ou partes do Servi\u00e7o e\/ou Produto.<\/p>\n\n\n\n<ul class=\"wp-block-list\">\n<li>Empresa: (&#8220;a Empresa&#8221;, &#8220;N\u00f3s&#8221;, &#8220;Nosso&#8221; ou &#8220;Nossos&#8221;)<\/li>\n<\/ul>\n\n\n\n<ul class=\"wp-block-list\">\n<li>Produto(s):<\/li>\n<\/ul>\n\n\n\n<p>Trata-se dos itens, bens e\/ou servi\u00e7os digitais exibidos, listados e\/ou oferecidos pelo vendedor para venda atrav\u00e9s ou no site.<\/p>\n\n\n\n<ul class=\"wp-block-list\">\n<li>Servi\u00e7o(s):<\/li>\n<\/ul>\n\n\n\n<p>Estas s\u00e3o todas as fun\u00e7\u00f5es dispon\u00edveis no Website e fornecidas a Si pela Empresa.<\/p>\n\n\n\n<ul class=\"wp-block-list\">\n<li>S\u00edtio Internet:<\/li>\n<\/ul>\n\n\n\n<p>S\u00edtio Internet:<\/p>\n\n\n\n<p>\u00c9 o site <a href=\"http:\/\/csgo-trade.net\/\">http:\/\/csgo-trade.net\/<\/a>.<\/p>\n\n\n\n<ul class=\"wp-block-list\">\n<li>Voc\u00ea (&#8220;Seu&#8221;, &#8220;Seus&#8221;, &#8220;Sua&#8221;, &#8220;Suas&#8221;, &#8220;Si&#8221;):<\/li>\n<\/ul>\n\n\n\n<p>Refere-se \u00e0 pessoa que compra qualquer Produto e\/ou Servi\u00e7o. Essa pessoa deve ter no m\u00ednimo 18 anos de idade e concordar com os termos dos Termos e Condi\u00e7\u00f5es. &nbsp;<\/p>\n\n\n\n<h4 class=\"wp-block-heading\"><strong><strong>&nbsp;2. <\/strong><\/strong>Entrega<\/h4>\n\n\n\n<p>Assim que o pagamento do(s) Produto(s) for efetuado no Website, este ser\u00e1 entregue na Sua Conta. O Website garante que receber\u00e1 o(s) Produto(s) que pagou.<\/p>\n\n\n\n<p>Normalmente, leva cerca 10 minutos a partir do momento do pagamento at\u00e9 que os Produtos sejam entregues na Sua conta. Todas as transa\u00e7\u00f5es no site s\u00e3o realizadas atrav\u00e9s de redes de telecomunica\u00e7\u00f5es e de dados. Isso significa que o recebimento dos Nossos Produtos, ou vice-versa, pode ser atrasado ou impedido por fatores que afetam os provedores de servi\u00e7os relevantes e outras partes envolvidas.<\/p>\n\n\n\n<p>N\u00e3o seremos respons\u00e1veis por atrasos que estejam fora do Nosso controlo. Se a entrega se atrasar por esse motivo, inform\u00e1-lo-emos o mais rapidamente poss\u00edvel e tomaremos medidas para minimizar o impacto do atraso.<\/p>\n\n\n\n<h4 class=\"wp-block-heading\"><strong><strong>&nbsp;3. Reembolso<\/strong><\/strong><\/h4>\n\n\n\n<p>Os nossos Produtos s\u00e3o considerados conte\u00fado virtual (digital) e n\u00e3o podem ser cancelados ap\u00f3s a transa\u00e7\u00e3o ser efetuada.<\/p>\n\n\n\n<p>Para evitar qualquer problema ou confus\u00e3o, s\u00f3 deve confirmar a rece\u00e7\u00e3o do Seu pedido ap\u00f3s ter verificado cuidadosamente se os Produtos recebidos correspondem \u00e0 descri\u00e7\u00e3o destes e se est\u00e3o em boas condi\u00e7\u00f5es de funcionamento. Quando confirmar a rece\u00e7\u00e3o do seu pedido, isso significa que est\u00e1 satisfeito com a Sua compra e a transa\u00e7\u00e3o ser\u00e1 ent\u00e3o finalizada e o pagamento ser\u00e1 enviado para a Empresa. N\u00e3o ser\u00e3o concedidos reembolsos a encomendas conclu\u00eddas e finalizadas.<\/p>\n\n\n\n<p>Se Voc\u00ea n\u00e3o recebeu os Produtos ou estes estavam corrompidos quando os recebeu, entre em contacto com a Nossa equipa de apoio em <a href=\"mailto:info@csgo-trade.net\">info@csgo-trade.net<\/a>. Se outra pessoa utilizou as Suas informa\u00e7\u00f5es de pagamento para comprar Produtos sem o seu consentimento, contacte-nos imediatamente. Iremos investigar o caso e, se os fundos ainda estiverem no Nosso sistema, emitiremos um reembolso.<\/p>\n\n\n\n<h4 class=\"wp-block-heading\"><strong><strong>4. <\/strong><\/strong>Atualiza\u00e7\u00f5es a esta Pol\u00edtica de Entrega e Reembolso<\/h4>\n\n\n\n<p>Poderemos ocasionalmente atualizar esta Pol\u00edtica de Entrega e Reembolso, e iremos notific\u00e1-lo de quaisquer altera\u00e7\u00f5es significativas publicando a nova Pol\u00edtica de Entrega e Reembolso nesta p\u00e1gina. A data na parte superior da Pol\u00edtica de Entrega e Reembolso ser\u00e1 atualizada para refletir a data das altera\u00e7\u00f5es mais recentes.<\/p>\n\n\n\n<p>Encorajamo-lo a rever esta Pol\u00edtica de Entrega e Reembolso periodicamente para se manter informado sobre como estamos a proteger os dados pessoais que recolhemos de Si. A vers\u00e3o mais recente da pol\u00edtica estar\u00e1 sempre dispon\u00edvel nesta p\u00e1gina.<\/p>\n\n\n\n<h4 class=\"wp-block-heading\"><strong><strong><strong>5. Entre em Contacto Connosco<\/strong><\/strong><\/strong><\/h4>\n\n\n\n<p>Se tiver alguma d\u00favida sobre esta Pol\u00edtica de Entrega e Reembolso, ou se quiser fazer uma reclama\u00e7\u00e3o, pode entrar em contacto connosco por e-mail para <a href=\"mailto:info@csgo-trade.net\">info@csgo-trade.net<\/a> ou visitando o Nosso Website em <a href=\"http:\/\/csgo-trade.net\/\">http:\/\/csgo-trade.net\/<\/a>. Responderemos \u00e0s Suas quest\u00f5es o mais rapidamente poss\u00edvel e faremos o Nosso melhor para resolver quaisquer problemas que possa ter.<\/p>\n\n\n\n<h4 class=\"wp-block-heading\">6. Comunica\u00e7\u00e3o da Nossa Parte<\/h4>\n\n\n\n<p>Podemos, de tempos em tempos, enviar-lhe por e-mail avisos importantes sobre N\u00f3s, desde que tenhamos os Seus detalhes de contacto (se, por exemplo Voc\u00ea tiver uma Conta). Tais avisos devem estar relacionados com assuntos incluindo, mas n\u00e3o limitados a) altera\u00e7\u00f5es de Servi\u00e7os e\/ou Produtos; b) altera\u00e7\u00f5es a estes Termos e Condi\u00e7\u00f5es; c) altera\u00e7\u00f5es \u00e0 Sua Conta. Nunca lhe enviaremos e-mails de marketing de qualquer tipo sem o seu consentimento. Se der esse consentimento, pode optar por deixar de os receber a qualquer momento.<\/p>\n\n\n\n<h4 class=\"wp-block-heading\"><strong><strong><strong>7. <\/strong><\/strong><\/strong>Lei e Jurisprud\u00eancia<strong><strong><strong>&nbsp;<\/strong><\/strong><\/strong><\/h4>\n\n\n\n<p>Estes Termos e Condi\u00e7\u00f5es, bem como a rela\u00e7\u00e3o entre Voc\u00ea e N\u00f3s, ser\u00e3o regidos e interpretados de acordo com a lei.<\/p>\n\n\n\n<p>Se Voc\u00ea for um consumidor, qualquer disputa, controv\u00e9rsia, processo ou reivindica\u00e7\u00e3o entre Voc\u00ea e N\u00f3s relacionados com esta Pol\u00edtica de Entrega e Reembolso, ou a rela\u00e7\u00e3o entre Voc\u00ea e N\u00f3s (seja contratual ou n\u00e3o) estar\u00e1 sujeito \u00e0 jurisdi\u00e7\u00e3o dos tribunais.<\/p>\n","protected":false},"excerpt":{"rendered":"<p>Pol\u00edtica de Entrega e Reembolso Vers\u00e3o: 16\/05\/2023 Antes de utilizar o(s) nosso(s) Servi\u00e7o(s), leia atentamente esta Pol\u00edtica de Entrega e Reembolso. 1. Defini\u00e7\u00f5es e interpreta\u00e7\u00f5es Nesta Pol\u00edtica de Entrega e Reembolso, utilizamos, entre outros, os seguintes termos: Conta criada por Si para utilizar as funcionalidades do Servi\u00e7o e\/ou Produto ou partes do Servi\u00e7o e\/ou Produto. [&#8230;]\n","protected":false},"author":3,"featured_media":0,"parent":0,"menu_order":0,"comment_status":"closed","ping_status":"closed","template":"template-privacy.php","meta":{"footnotes":""},"class_list":["post-4005","page","type-page","status-publish","hentry"],"_links":{"self":[{"href":"https:\/\/csgo-trade.net\/pt-pt\/wp-json\/wp\/v2\/pages\/4005","targetHints":{"allow":["GET"]}}],"collection":[{"href":"https:\/\/csgo-trade.net\/pt-pt\/wp-json\/wp\/v2\/pages"}],"about":[{"href":"https:\/\/csgo-trade.net\/pt-pt\/wp-json\/wp\/v2\/types\/page"}],"author":[{"embeddable":true,"href":"https:\/\/csgo-trade.net\/pt-pt\/wp-json\/wp\/v2\/users\/3"}],"replies":[{"embeddable":true,"href":"https:\/\/csgo-trade.net\/pt-pt\/wp-json\/wp\/v2\/comments?post=4005"}],"version-history":[{"count":4,"href":"https:\/\/csgo-trade.net\/pt-pt\/wp-json\/wp\/v2\/pages\/4005\/revisions"}],"predecessor-version":[{"id":6357,"href":"https:\/\/csgo-trade.net\/pt-pt\/wp-json\/wp\/v2\/pages\/4005\/revisions\/6357"}],"wp:attachment":[{"href":"https:\/\/csgo-trade.net\/pt-pt\/wp-json\/wp\/v2\/media?parent=4005"}],"curies":[{"name":"wp","href":"https:\/\/api.w.org\/{rel}","templated":true}]}}