{"id":3997,"date":"2022-09-15T10:27:08","date_gmt":"2022-09-15T10:27:08","guid":{"rendered":"https:\/\/csgo-trade.net\/faq\/"},"modified":"2023-12-05T12:39:59","modified_gmt":"2023-12-05T12:39:59","slug":"faq","status":"publish","type":"page","link":"https:\/\/csgo-trade.net\/pt-pt\/faq\/","title":{"rendered":"PERGUNTAS FREQ\u00dcENTES"},"content":{"rendered":"\n\t<section class=\"section faq_section\" id=\"section_1046793062\">\n\t\t<div class=\"bg section-bg fill bg-fill  bg-loaded\" >\n\n\t\t\t\n\t\t\t\n\t\t\t\n\n\t\t<\/div>\n\n\t\t\n\n\t\t<div class=\"section-content relative\">\n\t\t\t\n\n<div class=\"row\"  id=\"row-1545153241\">\n\n\n\t<div id=\"col-682772824\" class=\"col small-12 large-12\"  >\n\t\t\t\t<div class=\"col-inner\"  >\n\t\t\t\n\t\t\t\n\n<h1>Perguntas freq\u00fcentes<\/h1>\n\n\t\t<\/div>\n\t\t\t\t\t<\/div>\n\n\t\n\n<\/div>\n<div class=\"row\"  id=\"row-1536670640\">\n\n\n\t<div id=\"col-1168909883\" class=\"col medium-6 small-12 large-6\"  >\n\t\t\t\t<div class=\"col-inner\"  >\n\t\t\t\n\t\t\t\n\n\n\t\t<div class=\"icon-box featured-box icon-box-top text-left\"  >\n\t\t\t\t<div class=\"icon-box-text last-reset\">\n\t\t\t\t\t\t\t\t\t\n\n<h3>O que \u00e9 uma skin?<\/h3>\n<p>No CS2, as skins s\u00e3o texturas alternativas que s\u00e3o aplicadas aos itens dentro do jogo, alterando a sua apar\u00eancia com um design distinto o que melhora as tuas sess\u00f5es de jogo, tornando-as mais agrad\u00e1veis e cativantes. As skins aplicam-se a todas as armas, desde as metralhadoras \u00e0s facas.<\/p>\n\n\t\t<\/div>\n\t<\/div>\n\t\n\t\n\n\t\t<\/div>\n\t\t\t\t\t<\/div>\n\n\t\n\n\t<div id=\"col-1419398271\" class=\"col medium-6 small-12 large-6\"  >\n\t\t\t\t<div class=\"col-inner\"  >\n\t\t\t\n\t\t\t\n\n\t<div class=\"img has-hover x md-x lg-x y md-y lg-y\" id=\"image_1797167174\">\n\t\t\t\t\t\t\t\t<div class=\"img-inner dark\" >\n\t\t\t<img loading=\"lazy\" decoding=\"async\" width=\"510\" height=\"250\" src=\"https:\/\/csgo-trade.net\/wp-content\/uploads\/2022\/09\/Rectangle-4049.png\" class=\"attachment-large size-large\" alt=\"\" \/>\t\t\t\t\t\t\n\t\t\t\t\t<\/div>\n\t\t\t\t\t\t\t\t\n<style>\n#image_1797167174 {\n  width: 100%;\n}\n<\/style>\n\t<\/div>\n\t\n\n\n\t\t<\/div>\n\t\t\t\t\t<\/div>\n\n\t\n\n<\/div>\n<div class=\"row\"  id=\"row-1651678463\">\n\n\n\t<div id=\"col-1847002313\" class=\"col medium-6 small-12 large-6\"  >\n\t\t\t\t<div class=\"col-inner\"  >\n\t\t\t\n\t\t\t\n\n\n\t\t<div class=\"icon-box featured-box icon-box-top text-left\"  >\n\t\t\t\t<div class=\"icon-box-text last-reset\">\n\t\t\t\t\t\t\t\t\t\n\n<h3>Como transfiro a skin que comprei para a minha conta Steam?<br \/>\n <\/h3>\n<p>A tua conta na loja est\u00e1 ligada \u00e0 tua conta Steam assegurando assim que todas as skins que compras s\u00e3o adicionadas sem problemas \u00e0 conta Steam para uma utiliza\u00e7\u00e3o f\u00e1cil dentro do jogo.<\/p>\n\n\t\t<\/div>\n\t<\/div>\n\t\n\t\n\n\t\t<\/div>\n\t\t\t\t\t<\/div>\n\n\t\n\n\t<div id=\"col-1189765397\" class=\"col medium-6 small-12 large-6\"  >\n\t\t\t\t<div class=\"col-inner\"  >\n\t\t\t\n\t\t\t\n\n\n\t\t<div class=\"icon-box featured-box icon-box-top text-left\"  >\n\t\t\t\t<div class=\"icon-box-text last-reset\">\n\t\t\t\t\t\t\t\t\t\n\n<h3>Posso jogar CS2 sem skins?<\/h3>\n<p>Claro que sim. As skins s\u00e3o apenas uma op\u00e7\u00e3o que acrescenta mais variedade ao jogo, n\u00e3o s\u00e3o um requisito. Se n\u00e3o estiveres interessado em skins podes jogar sem elas e a experi\u00eancia de jogo n\u00e3o ser\u00e1 alterada.<\/p>\n\n\t\t<\/div>\n\t<\/div>\n\t\n\t\n\n\t\t<\/div>\n\t\t\t\t\t<\/div>\n\n\t\n\n<\/div>\n<div class=\"row\"  id=\"row-347763349\">\n\n\n\t<div id=\"col-1046505762\" class=\"col small-12 large-12\"  >\n\t\t\t\t<div class=\"col-inner\"  >\n\t\t\t\n\t\t\t\n\n\t<div class=\"img has-hover x md-x lg-x y md-y lg-y\" id=\"image_1594880654\">\n\t\t\t\t\t\t\t\t<div class=\"img-inner dark\" >\n\t\t\t<img loading=\"lazy\" decoding=\"async\" width=\"1020\" height=\"329\" src=\"https:\/\/csgo-trade.net\/wp-content\/uploads\/2022\/09\/Rectangle-4050.png\" class=\"attachment-large size-large\" alt=\"\" srcset=\"https:\/\/csgo-trade.net\/wp-content\/uploads\/2022\/09\/Rectangle-4050.png 1049w, https:\/\/csgo-trade.net\/wp-content\/uploads\/2022\/09\/Rectangle-4050-600x193.png 600w, https:\/\/csgo-trade.net\/wp-content\/uploads\/2022\/09\/Rectangle-4050-800x258.png 800w, https:\/\/csgo-trade.net\/wp-content\/uploads\/2022\/09\/Rectangle-4050-768x247.png 768w\" sizes=\"auto, (max-width: 1020px) 100vw, 1020px\" \/>\t\t\t\t\t\t\n\t\t\t\t\t<\/div>\n\t\t\t\t\t\t\t\t\n<style>\n#image_1594880654 {\n  width: 100%;\n}\n<\/style>\n\t<\/div>\n\t\n\n\n\t\t<\/div>\n\t\t\t\t\t<\/div>\n\n\t\n\n<\/div>\n<div class=\"row\"  id=\"row-722820294\">\n\n\n\t<div id=\"col-2144642691\" class=\"col medium-6 small-12 large-6\"  >\n\t\t\t\t<div class=\"col-inner\"  >\n\t\t\t\n\t\t\t\n\n\n\t\t<div class=\"icon-box featured-box icon-box-top text-left\"  >\n\t\t\t\t<div class=\"icon-box-text last-reset\">\n\t\t\t\t\t\t\t\t\t\n\n<h3>As vossas skins s\u00e3o de alta qualidade?<br \/>\n<\/h3>\n<p>As nossas skins t\u00eam as melhores resolu\u00e7\u00f5es ao n\u00edvel de texturas, o que assegura que as tuas armas pare\u00e7am o mais marcantes e detalhadas poss\u00edvel. Al\u00e9m disso, real\u00e7am o teu status no jogo e melhoram a tua reputa\u00e7\u00e3o entre os colegas de equipa e advers\u00e1rios.<\/p>\n\n\t\t<\/div>\n\t<\/div>\n\t\n\t\n\n\t\t<\/div>\n\t\t\t\t\t<\/div>\n\n\t\n\n\t<div id=\"col-257735378\" class=\"col medium-6 small-12 large-6\"  >\n\t\t\t\t<div class=\"col-inner\"  >\n\t\t\t\n\t\t\t\n\n\n\t\t<div class=\"icon-box featured-box icon-box-top text-left\"  >\n\t\t\t\t<div class=\"icon-box-text last-reset\">\n\t\t\t\t\t\t\t\t\t\n\n<h3>\u00c9 seguro comprar skins neste website? <\/h3>\n<p>Sim. Utilizamos medidas de seguran\u00e7a de ponta de modo a proteger as informa\u00e7\u00f5es do teu cart\u00e3o de cr\u00e9dito. Como resultado, garantimos que os dados pessoais e de pagamento permanecem inacess\u00edveis a indiv\u00edduos n\u00e3o autorizados, para evitar quaisquer riscos.<\/p>\n\n\t\t<\/div>\n\t<\/div>\n\t\n\t\n\n\t\t<\/div>\n\t\t\t\t\t<\/div>\n\n\t\n\n<\/div>\n<div class=\"row\"  id=\"row-812629707\">\n\n\n\t<div id=\"col-582901194\" class=\"col medium-6 small-12 large-6\"  >\n\t\t\t\t<div class=\"col-inner\"  >\n\t\t\t\n\t\t\t\n\n\t<div class=\"img has-hover x md-x lg-x y md-y lg-y\" id=\"image_1265520710\">\n\t\t\t\t\t\t\t\t<div class=\"img-inner dark\" >\n\t\t\t<img loading=\"lazy\" decoding=\"async\" width=\"510\" height=\"250\" src=\"https:\/\/csgo-trade.net\/wp-content\/uploads\/2022\/09\/Rectangle-4051.png\" class=\"attachment-large size-large\" alt=\"\" \/>\t\t\t\t\t\t\n\t\t\t\t\t<\/div>\n\t\t\t\t\t\t\t\t\n<style>\n#image_1265520710 {\n  width: 100%;\n}\n<\/style>\n\t<\/div>\n\t\n\n\n\t\t<\/div>\n\t\t\t\t\t<\/div>\n\n\t\n\n\t<div id=\"col-1123831935\" class=\"col medium-6 small-12 large-6\"  >\n\t\t\t\t<div class=\"col-inner\"  >\n\t\t\t\n\t\t\t\n\n\n\t\t<div class=\"icon-box featured-box icon-box-top text-left\"  >\n\t\t\t\t<div class=\"icon-box-text last-reset\">\n\t\t\t\t\t\t\t\t\t\n\n<h3>Que tipos de skins tem nesta loja?<\/h3>\n<p>Oferecemos uma grande variedade de skins para armas, incluindo facas, pistolas, metralhadoras, e muito mais. Al\u00e9m disso, temos cole\u00e7\u00f5es de skins que te permitem personalizar o equipamento conferindo um estilo \u00fanico, tornando o teu personagem ainda mais distinto.<\/p>\n\n\t\t<\/div>\n\t<\/div>\n\t\n\t\n\n\t\t<\/div>\n\t\t\t\t\t<\/div>\n\n\t\n\n<\/div>\n\n\t\t<\/div>\n\n\t\t\n<style>\n#section_1046793062 {\n  padding-top: 30px;\n  padding-bottom: 30px;\n  background-color: rgb(16, 16, 23);\n}\n#section_1046793062 .ux-shape-divider--top svg {\n  height: 150px;\n  --divider-top-width: 100%;\n}\n#section_1046793062 .ux-shape-divider--bottom svg {\n  height: 150px;\n  --divider-width: 100%;\n}\n<\/style>\n\t<\/section>\n\t\n\n","protected":false},"excerpt":{"rendered":"","protected":false},"author":3,"featured_media":0,"parent":0,"menu_order":0,"comment_status":"closed","ping_status":"closed","template":"page-blank.php","meta":{"footnotes":""},"class_list":["post-3997","page","type-page","status-publish","hentry"],"_links":{"self":[{"href":"https:\/\/csgo-trade.net\/pt-pt\/wp-json\/wp\/v2\/pages\/3997","targetHints":{"allow":["GET"]}}],"collection":[{"href":"https:\/\/csgo-trade.net\/pt-pt\/wp-json\/wp\/v2\/pages"}],"about":[{"href":"https:\/\/csgo-trade.net\/pt-pt\/wp-json\/wp\/v2\/types\/page"}],"author":[{"embeddable":true,"href":"https:\/\/csgo-trade.net\/pt-pt\/wp-json\/wp\/v2\/users\/3"}],"replies":[{"embeddable":true,"href":"https:\/\/csgo-trade.net\/pt-pt\/wp-json\/wp\/v2\/comments?post=3997"}],"version-history":[{"count":1,"href":"https:\/\/csgo-trade.net\/pt-pt\/wp-json\/wp\/v2\/pages\/3997\/revisions"}],"predecessor-version":[{"id":6403,"href":"https:\/\/csgo-trade.net\/pt-pt\/wp-json\/wp\/v2\/pages\/3997\/revisions\/6403"}],"wp:attachment":[{"href":"https:\/\/csgo-trade.net\/pt-pt\/wp-json\/wp\/v2\/media?parent=3997"}],"curies":[{"name":"wp","href":"https:\/\/api.w.org\/{rel}","templated":true}]}}