{"id":3991,"date":"2022-09-15T08:47:47","date_gmt":"2022-09-15T08:47:47","guid":{"rendered":"https:\/\/csgo-trade.net\/sobre\/"},"modified":"2023-05-20T12:32:42","modified_gmt":"2023-05-20T12:32:42","slug":"sobre","status":"publish","type":"page","link":"https:\/\/csgo-trade.net\/pt-pt\/sobre\/","title":{"rendered":"Sobre N\u00f3s"},"content":{"rendered":"\n\t<section class=\"section catalog_main_section\" id=\"section_1797497394\">\n\t\t<div class=\"bg section-bg fill bg-fill  \" >\n\n\t\t\t\n\t\t\t\n\t\t\t\n\n\t\t<\/div>\n\n\t\t\n\n\t\t<div class=\"section-content relative\">\n\t\t\t\n\n<div class=\"row\"  id=\"row-136831463\">\n\n\n\t<div id=\"col-1824676661\" class=\"col medium-7 small-12 large-7\"  >\n\t\t\t\t<div class=\"col-inner\"  >\n\t\t\t\n\t\t\t\n\n\t<div id=\"text-3089724059\" class=\"text\">\n\t\t\n\n<h1> Personaliza o Teu Personagem  <\/h1>\n\t\t\n<style>\n#text-3089724059 {\n  text-align: left;\n}\n<\/style>\n\t<\/div>\n\t\n<p> Acrescenta mais variedade ao teu jogo com cores vibrantes, organiza a tua cole\u00e7\u00e3o, e mostra a tua individualidade com as nossas skins excecionais. <\/p>\n<a href=\"\/catalog\/\" target=\"_self\" class=\"button primary lowercase btn_green\"  >\n    <span>IR AO CAT\u00c1LOGO<\/span>\n  <\/a>\n\n\n\n\t\t<\/div>\n\t\t\t\t\t<\/div>\n\n\t\n\n\t<div id=\"col-26505322\" class=\"col medium-5 small-12 large-5\"  >\n\t\t\t\t<div class=\"col-inner\"  >\n\t\t\t\n\t\t\t\n\n\n\t\t<\/div>\n\t\t\t\t\t<\/div>\n\n\t\n\n<\/div>\n\n\t\t<\/div>\n\n\t\t\n<style>\n#section_1797497394 {\n  padding-top: 30px;\n  padding-bottom: 30px;\n}\n#section_1797497394 .section-bg.bg-loaded {\n  background-image: url(https:\/\/csgo-trade.net\/wp-content\/uploads\/2023\/03\/about_us_main__new.jpg);\n}\n#section_1797497394 .ux-shape-divider--top svg {\n  height: 150px;\n  --divider-top-width: 100%;\n}\n#section_1797497394 .ux-shape-divider--bottom svg {\n  height: 150px;\n  --divider-width: 100%;\n}\n<\/style>\n\t<\/section>\n\t\n\t<section class=\"section about_us_section\" id=\"section_1034945512\">\n\t\t<div class=\"bg section-bg fill bg-fill  \" >\n\n\t\t\t\n\t\t\t\n\t\t\t\n\n\t\t<\/div>\n\n\t\t\n\n\t\t<div class=\"section-content relative\">\n\t\t\t\n\n<div class=\"row\"  id=\"row-77028187\">\n\n\n\t<div id=\"col-1601263659\" class=\"col small-12 large-12\"  >\n\t\t\t\t<div class=\"col-inner\"  >\n\t\t\t\n\t\t\t\n\n<h2> Sobre n\u00f3s <br \/>\n<\/h2>\n<p>Somos profissionais experientes que se destacam na gest\u00e3o de responsabilidades e na procura de solu\u00e7\u00f5es at\u00e9 para as situa\u00e7\u00f5es mais dif\u00edceis. Estamos intimamente familiarizados com o gameplay e esfor\u00e7\u00e1mo-nos por tornar a tua experi\u00eancia de jogo mais envolvente e inesquec\u00edvel.<\/p>\n\t<div class=\"img has-hover x md-x lg-x y md-y lg-y\" id=\"image_1686437991\">\n\t\t\t\t\t\t\t\t<div class=\"img-inner dark\" >\n\t\t\t<img loading=\"lazy\" decoding=\"async\" width=\"1020\" height=\"453\" src=\"https:\/\/csgo-trade.net\/wp-content\/uploads\/2022\/09\/premier_hero-1.png\" class=\"attachment-large size-large\" alt=\"\" srcset=\"https:\/\/csgo-trade.net\/wp-content\/uploads\/2022\/09\/premier_hero-1.png 1240w, https:\/\/csgo-trade.net\/wp-content\/uploads\/2022\/09\/premier_hero-1-600x267.png 600w, https:\/\/csgo-trade.net\/wp-content\/uploads\/2022\/09\/premier_hero-1-800x355.png 800w, https:\/\/csgo-trade.net\/wp-content\/uploads\/2022\/09\/premier_hero-1-768x341.png 768w\" sizes=\"auto, (max-width: 1020px) 100vw, 1020px\" \/>\t\t\t\t\t\t\n\t\t\t\t\t<\/div>\n\t\t\t\t\t\t\t\t\n<style>\n#image_1686437991 {\n  width: 100%;\n}\n<\/style>\n\t<\/div>\n\t\n\n\n\t\t<\/div>\n\t\t\t\t\t<\/div>\n\n\t\n\n<\/div>\n<div class=\"row\" style=\"max-width:1428px\" id=\"row-401381555\">\n\n\n\t<div id=\"col-671437335\" class=\"col offers_block small-12 large-12\"  >\n\t\t\t\t<div class=\"col-inner\"  >\n\t\t\t\n\t\t\t\n\n<h2 style=\"text-align: center;\">O Que Oferecemos<br \/>\n<\/h2>\n<div class=\"row\"  id=\"row-1427817363\">\n\n\n\t<div id=\"col-1521388713\" class=\"col medium-4 small-12 large-4\"  >\n\t\t\t\t<div class=\"col-inner\"  >\n\t\t\t\n\t\t\t\n\n\n\t\t<div class=\"icon-box featured-box icon-box-top text-left\"  >\n\t\t\t\t\t<div class=\"icon-box-img\" style=\"width: 122px\">\n\t\t\t\t<div class=\"icon\">\n\t\t\t\t\t<div class=\"icon-inner\" >\n\t\t\t\t\t\t<img loading=\"lazy\" decoding=\"async\" width=\"124\" height=\"82\" src=\"https:\/\/csgo-trade.net\/wp-content\/uploads\/2023\/03\/icon_1.svg\" class=\"attachment-medium size-medium\" alt=\"\" \/>\t\t\t\t\t<\/div>\n\t\t\t\t<\/div>\n\t\t\t<\/div>\n\t\t\t\t<div class=\"icon-box-text last-reset\">\n\t\t\t\t\t\t\t\t\t\n\n<h3>Visualizador 3D <\/h3>\n<p> Examina as armas de todas as vistas antes de as adicionar \u00e0 tua cole\u00e7\u00e3o. <\/p>\n\n\t\t<\/div>\n\t<\/div>\n\t\n\t\n\n\t\t<\/div>\n\t\t\t\t\t<\/div>\n\n\t\n\n\t<div id=\"col-355828302\" class=\"col medium-4 small-12 large-4\"  >\n\t\t\t\t<div class=\"col-inner\"  >\n\t\t\t\n\t\t\t\n\n\n\t\t<div class=\"icon-box featured-box icon-box-top text-left\"  >\n\t\t\t\t\t<div class=\"icon-box-img\" style=\"width: 122px\">\n\t\t\t\t<div class=\"icon\">\n\t\t\t\t\t<div class=\"icon-inner\" >\n\t\t\t\t\t\t<img loading=\"lazy\" decoding=\"async\" width=\"124\" height=\"82\" src=\"https:\/\/csgo-trade.net\/wp-content\/uploads\/2023\/03\/icon_2.svg\" class=\"attachment-medium size-medium\" alt=\"\" \/>\t\t\t\t\t<\/div>\n\t\t\t\t<\/div>\n\t\t\t<\/div>\n\t\t\t\t<div class=\"icon-box-text last-reset\">\n\t\t\t\t\t\t\t\t\t\n\n<h3> Enorme cole\u00e7\u00e3o <\/h3>\n<p>Encontra o que procuras com facilidade no nosso vasto cat\u00e1logo.\n <\/p>\n\n\t\t<\/div>\n\t<\/div>\n\t\n\t\n\n\t\t<\/div>\n\t\t\t\t\t<\/div>\n\n\t\n\n\t<div id=\"col-1415841430\" class=\"col medium-4 small-12 large-4\"  >\n\t\t\t\t<div class=\"col-inner\"  >\n\t\t\t\n\t\t\t\n\n\n\t\t<div class=\"icon-box featured-box icon-box-top text-left\"  >\n\t\t\t\t\t<div class=\"icon-box-img\" style=\"width: 122px\">\n\t\t\t\t<div class=\"icon\">\n\t\t\t\t\t<div class=\"icon-inner\" >\n\t\t\t\t\t\t<img loading=\"lazy\" decoding=\"async\" width=\"124\" height=\"82\" src=\"https:\/\/csgo-trade.net\/wp-content\/uploads\/2023\/03\/icon_3.svg\" class=\"attachment-medium size-medium\" alt=\"\" \/>\t\t\t\t\t<\/div>\n\t\t\t\t<\/div>\n\t\t\t<\/div>\n\t\t\t\t<div class=\"icon-box-text last-reset\">\n\t\t\t\t\t\t\t\t\t\n\n<h3> Texturas de Qualidade <\/h3>\n<p>Fornecemos apenas skins de armas de alto n\u00edvel para garantir a melhor experi\u00eancia para ti.\n <\/p>\n\n\t\t<\/div>\n\t<\/div>\n\t\n\t\n\n\t\t<\/div>\n\t\t\t\t\t<\/div>\n\n\t\n\n<\/div>\n\n\t\t<\/div>\n\t\t\t\t\t<\/div>\n\n\t\n\n<\/div>\n\n\t\t<\/div>\n\n\t\t\n<style>\n#section_1034945512 {\n  padding-top: 30px;\n  padding-bottom: 30px;\n}\n#section_1034945512 .section-bg.bg-loaded {\n  background-image: url(https:\/\/csgo-trade.net\/wp-content\/uploads\/2023\/03\/about_us_bg.jpg);\n}\n#section_1034945512 .ux-shape-divider--top svg {\n  height: 150px;\n  --divider-top-width: 100%;\n}\n#section_1034945512 .ux-shape-divider--bottom svg {\n  height: 150px;\n  --divider-width: 100%;\n}\n<\/style>\n\t<\/section>\n\t\n\n","protected":false},"excerpt":{"rendered":"","protected":false},"author":3,"featured_media":0,"parent":0,"menu_order":0,"comment_status":"closed","ping_status":"closed","template":"page-blank.php","meta":{"footnotes":""},"class_list":["post-3991","page","type-page","status-publish","hentry"],"_links":{"self":[{"href":"https:\/\/csgo-trade.net\/pt-pt\/wp-json\/wp\/v2\/pages\/3991","targetHints":{"allow":["GET"]}}],"collection":[{"href":"https:\/\/csgo-trade.net\/pt-pt\/wp-json\/wp\/v2\/pages"}],"about":[{"href":"https:\/\/csgo-trade.net\/pt-pt\/wp-json\/wp\/v2\/types\/page"}],"author":[{"embeddable":true,"href":"https:\/\/csgo-trade.net\/pt-pt\/wp-json\/wp\/v2\/users\/3"}],"replies":[{"embeddable":true,"href":"https:\/\/csgo-trade.net\/pt-pt\/wp-json\/wp\/v2\/comments?post=3991"}],"version-history":[{"count":1,"href":"https:\/\/csgo-trade.net\/pt-pt\/wp-json\/wp\/v2\/pages\/3991\/revisions"}],"predecessor-version":[{"id":6253,"href":"https:\/\/csgo-trade.net\/pt-pt\/wp-json\/wp\/v2\/pages\/3991\/revisions\/6253"}],"wp:attachment":[{"href":"https:\/\/csgo-trade.net\/pt-pt\/wp-json\/wp\/v2\/media?parent=3991"}],"curies":[{"name":"wp","href":"https:\/\/api.w.org\/{rel}","templated":true}]}}